{"id":5,"date":"2023-11-01T13:33:46","date_gmt":"2023-11-01T11:33:46","guid":{"rendered":"https:\/\/kilda.fi\/beta\/rff-kiertue\/?page_id=5"},"modified":"2024-10-29T13:42:28","modified_gmt":"2024-10-29T13:42:28","slug":"etusivu","status":"publish","type":"page","link":"https:\/\/rff.turvapaikanhakijoidentuki.fi\/kiertue\/","title":{"rendered":"Etusivu"},"content":{"rendered":"\n\n\t\t<h2>Refugee Film Festival -kiertue alkoi joulukuussa 2023 Torniosta ja loppui lokakuussa 2024 Porvooseen!<\/h2>\n<p>Refugee Film Festival on pakolaisuutta, maahanmuuttoa ja ihmisoikeuksia k\u00e4sittelevien elokuvien festivaali. Festivaalia on j\u00e4rjestetty Helsingiss\u00e4 vuodesta 2018 ja se l\u00e4hti kiertueelle, jonka ensimm\u00e4inen etappi oli Torniossa 1.-2.12.23 Festivaalin tuottaa kansalaisj\u00e4rjest\u00f6 <a href=\"https:\/\/www.turvapaikanhakijoidentuki.fi\/\" target=\"_blank\" rel=\"noopener\">Turvapaikanhakijoiden tuki ry<\/a>.<\/p>\n<p>Refugee Film Festival toivottaa tervetulleeksi kaikki alkuper\u00e4\u00e4n, kieleen, uskontoon, sukupuoleen, seksuaaliseen suuntautumiseen tai taloudelliseen asemaan katsomatta.<\/p>\n\n","protected":false},"excerpt":{"rendered":"<p>Refugee Film Festival -kiertue alkoi joulukuussa 2023 Torniosta ja loppui lokakuussa 2024 Porvooseen! Refugee Film Festival on pakolaisuutta, maahanmuuttoa ja ihmisoikeuksia k\u00e4sittelevien elokuvien festivaali. Festivaalia on j\u00e4rjestetty Helsingiss\u00e4 vuodesta 2018 ja se l\u00e4hti kiertueelle, jonka ensimm\u00e4inen etappi oli Torniossa 1.-2.12.23 Festivaalin tuottaa kansalaisj\u00e4rjest\u00f6 Turvapaikanhakijoiden tuki ry. Refugee Film Festival toivottaa tervetulleeksi kaikki alkuper\u00e4\u00e4n, kieleen, uskontoon,&hellip;<\/p>\n","protected":false},"author":1,"featured_media":145,"parent":0,"menu_order":0,"comment_status":"closed","ping_status":"closed","template":"","meta":{"footnotes":""},"class_list":["post-5","page","type-page","status-publish","has-post-thumbnail","hentry"],"yoast_head":"<!-- This site is optimized with the Yoast SEO plugin v23.0 - https:\/\/yoast.com\/wordpress\/plugins\/seo\/ -->\n<title>Etusivu - RFF Kiertue<\/title>\n<meta name=\"robots\" content=\"index, follow, max-snippet:-1, max-image-preview:large, max-video-preview:-1\" \/>\n<link rel=\"canonical\" href=\"https:\/\/rff.turvapaikanhakijoidentuki.fi\/kiertue\/\" \/>\n<meta property=\"og:locale\" content=\"fi_FI\" \/>\n<meta property=\"og:type\" content=\"article\" \/>\n<meta property=\"og:title\" content=\"Etusivu - RFF Kiertue\" \/>\n<meta property=\"og:description\" content=\"Refugee Film Festival -kiertue alkoi joulukuussa 2023 Torniosta ja loppui lokakuussa 2024 Porvooseen! Refugee Film Festival on pakolaisuutta, maahanmuuttoa ja ihmisoikeuksia k\u00e4sittelevien elokuvien festivaali. Festivaalia on j\u00e4rjestetty Helsingiss\u00e4 vuodesta 2018 ja se l\u00e4hti kiertueelle, jonka ensimm\u00e4inen etappi oli Torniossa 1.-2.12.23 Festivaalin tuottaa kansalaisj\u00e4rjest\u00f6 Turvapaikanhakijoiden tuki ry. Refugee Film Festival toivottaa tervetulleeksi kaikki alkuper\u00e4\u00e4n, kieleen, uskontoon,&hellip;\" \/>\n<meta property=\"og:url\" content=\"https:\/\/rff.turvapaikanhakijoidentuki.fi\/kiertue\/\" \/>\n<meta property=\"og:site_name\" content=\"RFF Kiertue\" \/>\n<meta property=\"article:modified_time\" content=\"2024-10-29T13:42:28+00:00\" \/>\n<meta property=\"og:image\" content=\"https:\/\/rff.turvapaikanhakijoidentuki.fi\/kiertue\/wp-content\/uploads\/2024\/02\/JOENSUU-planssi-1.jpg\" \/>\n\t<meta property=\"og:image:width\" content=\"1920\" \/>\n\t<meta property=\"og:image:height\" content=\"1080\" \/>\n\t<meta property=\"og:image:type\" content=\"image\/jpeg\" \/>\n<meta name=\"twitter:card\" content=\"summary_large_image\" \/>\n<meta name=\"twitter:label1\" content=\"Arvioitu lukuaika\" \/>\n\t<meta name=\"twitter:data1\" content=\"1 minuutti\" \/>\n<script type=\"application\/ld+json\" class=\"yoast-schema-graph\">{\"@context\":\"https:\/\/schema.org\",\"@graph\":[{\"@type\":\"WebPage\",\"@id\":\"https:\/\/rff.turvapaikanhakijoidentuki.fi\/kiertue\/\",\"url\":\"https:\/\/rff.turvapaikanhakijoidentuki.fi\/kiertue\/\",\"name\":\"Etusivu - RFF Kiertue\",\"isPartOf\":{\"@id\":\"https:\/\/rff.turvapaikanhakijoidentuki.fi\/kiertue\/#website\"},\"primaryImageOfPage\":{\"@id\":\"https:\/\/rff.turvapaikanhakijoidentuki.fi\/kiertue\/#primaryimage\"},\"image\":{\"@id\":\"https:\/\/rff.turvapaikanhakijoidentuki.fi\/kiertue\/#primaryimage\"},\"thumbnailUrl\":\"https:\/\/rff.turvapaikanhakijoidentuki.fi\/kiertue\/wp-content\/uploads\/2023\/11\/cropped-vihrea-tausta-RFF.png\",\"datePublished\":\"2023-11-01T11:33:46+00:00\",\"dateModified\":\"2024-10-29T13:42:28+00:00\",\"breadcrumb\":{\"@id\":\"https:\/\/rff.turvapaikanhakijoidentuki.fi\/kiertue\/#breadcrumb\"},\"inLanguage\":\"fi\",\"potentialAction\":[{\"@type\":\"ReadAction\",\"target\":[\"https:\/\/rff.turvapaikanhakijoidentuki.fi\/kiertue\/\"]}]},{\"@type\":\"ImageObject\",\"inLanguage\":\"fi\",\"@id\":\"https:\/\/rff.turvapaikanhakijoidentuki.fi\/kiertue\/#primaryimage\",\"url\":\"https:\/\/rff.turvapaikanhakijoidentuki.fi\/kiertue\/wp-content\/uploads\/2023\/11\/cropped-vihrea-tausta-RFF.png\",\"contentUrl\":\"https:\/\/rff.turvapaikanhakijoidentuki.fi\/kiertue\/wp-content\/uploads\/2023\/11\/cropped-vihrea-tausta-RFF.png\",\"width\":512,\"height\":512},{\"@type\":\"BreadcrumbList\",\"@id\":\"https:\/\/rff.turvapaikanhakijoidentuki.fi\/kiertue\/#breadcrumb\",\"itemListElement\":[{\"@type\":\"ListItem\",\"position\":1,\"name\":\"Etusivu\",\"item\":\"https:\/\/rff.turvapaikanhakijoidentuki.fi\/kiertue\/\"},{\"@type\":\"ListItem\",\"position\":2,\"name\":\"Etusivu\"}]},{\"@type\":\"WebSite\",\"@id\":\"https:\/\/rff.turvapaikanhakijoidentuki.fi\/kiertue\/#website\",\"url\":\"https:\/\/rff.turvapaikanhakijoidentuki.fi\/kiertue\/\",\"name\":\"RFF Kiertue\",\"description\":\"RFF Kiertue\",\"publisher\":{\"@id\":\"https:\/\/rff.turvapaikanhakijoidentuki.fi\/kiertue\/#organization\"},\"potentialAction\":[{\"@type\":\"SearchAction\",\"target\":{\"@type\":\"EntryPoint\",\"urlTemplate\":\"https:\/\/rff.turvapaikanhakijoidentuki.fi\/kiertue\/?s={search_term_string}\"},\"query-input\":\"required name=search_term_string\"}],\"inLanguage\":\"fi\"},{\"@type\":\"Organization\",\"@id\":\"https:\/\/rff.turvapaikanhakijoidentuki.fi\/kiertue\/#organization\",\"name\":\"RFF Kiertue\",\"url\":\"https:\/\/rff.turvapaikanhakijoidentuki.fi\/kiertue\/\",\"logo\":{\"@type\":\"ImageObject\",\"inLanguage\":\"fi\",\"@id\":\"https:\/\/rff.turvapaikanhakijoidentuki.fi\/kiertue\/#\/schema\/logo\/image\/\",\"url\":\"https:\/\/rff.turvapaikanhakijoidentuki.fi\/kiertue\/wp-content\/uploads\/2023\/11\/cropped-vihrea-tausta-RFF.png\",\"contentUrl\":\"https:\/\/rff.turvapaikanhakijoidentuki.fi\/kiertue\/wp-content\/uploads\/2023\/11\/cropped-vihrea-tausta-RFF.png\",\"width\":512,\"height\":512,\"caption\":\"RFF Kiertue\"},\"image\":{\"@id\":\"https:\/\/rff.turvapaikanhakijoidentuki.fi\/kiertue\/#\/schema\/logo\/image\/\"},\"sameAs\":[\"https:\/\/www.instagram.com\/rffkiertue\/\"]}]}<\/script>\n<!-- \/ Yoast SEO plugin. -->","yoast_head_json":{"title":"Etusivu - RFF Kiertue","robots":{"index":"index","follow":"follow","max-snippet":"max-snippet:-1","max-image-preview":"max-image-preview:large","max-video-preview":"max-video-preview:-1"},"canonical":"https:\/\/rff.turvapaikanhakijoidentuki.fi\/kiertue\/","og_locale":"fi_FI","og_type":"article","og_title":"Etusivu - RFF Kiertue","og_description":"Refugee Film Festival -kiertue alkoi joulukuussa 2023 Torniosta ja loppui lokakuussa 2024 Porvooseen! Refugee Film Festival on pakolaisuutta, maahanmuuttoa ja ihmisoikeuksia k\u00e4sittelevien elokuvien festivaali. Festivaalia on j\u00e4rjestetty Helsingiss\u00e4 vuodesta 2018 ja se l\u00e4hti kiertueelle, jonka ensimm\u00e4inen etappi oli Torniossa 1.-2.12.23 Festivaalin tuottaa kansalaisj\u00e4rjest\u00f6 Turvapaikanhakijoiden tuki ry. Refugee Film Festival toivottaa tervetulleeksi kaikki alkuper\u00e4\u00e4n, kieleen, uskontoon,&hellip;","og_url":"https:\/\/rff.turvapaikanhakijoidentuki.fi\/kiertue\/","og_site_name":"RFF Kiertue","article_modified_time":"2024-10-29T13:42:28+00:00","og_image":[{"width":1920,"height":1080,"url":"https:\/\/rff.turvapaikanhakijoidentuki.fi\/kiertue\/wp-content\/uploads\/2024\/02\/JOENSUU-planssi-1.jpg","type":"image\/jpeg"}],"twitter_card":"summary_large_image","twitter_misc":{"Arvioitu lukuaika":"1 minuutti"},"schema":{"@context":"https:\/\/schema.org","@graph":[{"@type":"WebPage","@id":"https:\/\/rff.turvapaikanhakijoidentuki.fi\/kiertue\/","url":"https:\/\/rff.turvapaikanhakijoidentuki.fi\/kiertue\/","name":"Etusivu - RFF Kiertue","isPartOf":{"@id":"https:\/\/rff.turvapaikanhakijoidentuki.fi\/kiertue\/#website"},"primaryImageOfPage":{"@id":"https:\/\/rff.turvapaikanhakijoidentuki.fi\/kiertue\/#primaryimage"},"image":{"@id":"https:\/\/rff.turvapaikanhakijoidentuki.fi\/kiertue\/#primaryimage"},"thumbnailUrl":"https:\/\/rff.turvapaikanhakijoidentuki.fi\/kiertue\/wp-content\/uploads\/2023\/11\/cropped-vihrea-tausta-RFF.png","datePublished":"2023-11-01T11:33:46+00:00","dateModified":"2024-10-29T13:42:28+00:00","breadcrumb":{"@id":"https:\/\/rff.turvapaikanhakijoidentuki.fi\/kiertue\/#breadcrumb"},"inLanguage":"fi","potentialAction":[{"@type":"ReadAction","target":["https:\/\/rff.turvapaikanhakijoidentuki.fi\/kiertue\/"]}]},{"@type":"ImageObject","inLanguage":"fi","@id":"https:\/\/rff.turvapaikanhakijoidentuki.fi\/kiertue\/#primaryimage","url":"https:\/\/rff.turvapaikanhakijoidentuki.fi\/kiertue\/wp-content\/uploads\/2023\/11\/cropped-vihrea-tausta-RFF.png","contentUrl":"https:\/\/rff.turvapaikanhakijoidentuki.fi\/kiertue\/wp-content\/uploads\/2023\/11\/cropped-vihrea-tausta-RFF.png","width":512,"height":512},{"@type":"BreadcrumbList","@id":"https:\/\/rff.turvapaikanhakijoidentuki.fi\/kiertue\/#breadcrumb","itemListElement":[{"@type":"ListItem","position":1,"name":"Etusivu","item":"https:\/\/rff.turvapaikanhakijoidentuki.fi\/kiertue\/"},{"@type":"ListItem","position":2,"name":"Etusivu"}]},{"@type":"WebSite","@id":"https:\/\/rff.turvapaikanhakijoidentuki.fi\/kiertue\/#website","url":"https:\/\/rff.turvapaikanhakijoidentuki.fi\/kiertue\/","name":"RFF Kiertue","description":"RFF Kiertue","publisher":{"@id":"https:\/\/rff.turvapaikanhakijoidentuki.fi\/kiertue\/#organization"},"potentialAction":[{"@type":"SearchAction","target":{"@type":"EntryPoint","urlTemplate":"https:\/\/rff.turvapaikanhakijoidentuki.fi\/kiertue\/?s={search_term_string}"},"query-input":"required name=search_term_string"}],"inLanguage":"fi"},{"@type":"Organization","@id":"https:\/\/rff.turvapaikanhakijoidentuki.fi\/kiertue\/#organization","name":"RFF Kiertue","url":"https:\/\/rff.turvapaikanhakijoidentuki.fi\/kiertue\/","logo":{"@type":"ImageObject","inLanguage":"fi","@id":"https:\/\/rff.turvapaikanhakijoidentuki.fi\/kiertue\/#\/schema\/logo\/image\/","url":"https:\/\/rff.turvapaikanhakijoidentuki.fi\/kiertue\/wp-content\/uploads\/2023\/11\/cropped-vihrea-tausta-RFF.png","contentUrl":"https:\/\/rff.turvapaikanhakijoidentuki.fi\/kiertue\/wp-content\/uploads\/2023\/11\/cropped-vihrea-tausta-RFF.png","width":512,"height":512,"caption":"RFF Kiertue"},"image":{"@id":"https:\/\/rff.turvapaikanhakijoidentuki.fi\/kiertue\/#\/schema\/logo\/image\/"},"sameAs":["https:\/\/www.instagram.com\/rffkiertue\/"]}]}},"_links":{"self":[{"href":"https:\/\/rff.turvapaikanhakijoidentuki.fi\/kiertue\/wp-json\/wp\/v2\/pages\/5","targetHints":{"allow":["GET"]}}],"collection":[{"href":"https:\/\/rff.turvapaikanhakijoidentuki.fi\/kiertue\/wp-json\/wp\/v2\/pages"}],"about":[{"href":"https:\/\/rff.turvapaikanhakijoidentuki.fi\/kiertue\/wp-json\/wp\/v2\/types\/page"}],"author":[{"embeddable":true,"href":"https:\/\/rff.turvapaikanhakijoidentuki.fi\/kiertue\/wp-json\/wp\/v2\/users\/1"}],"replies":[{"embeddable":true,"href":"https:\/\/rff.turvapaikanhakijoidentuki.fi\/kiertue\/wp-json\/wp\/v2\/comments?post=5"}],"version-history":[{"count":5,"href":"https:\/\/rff.turvapaikanhakijoidentuki.fi\/kiertue\/wp-json\/wp\/v2\/pages\/5\/revisions"}],"predecessor-version":[{"id":297,"href":"https:\/\/rff.turvapaikanhakijoidentuki.fi\/kiertue\/wp-json\/wp\/v2\/pages\/5\/revisions\/297"}],"wp:featuredmedia":[{"embeddable":true,"href":"https:\/\/rff.turvapaikanhakijoidentuki.fi\/kiertue\/wp-json\/wp\/v2\/media\/145"}],"wp:attachment":[{"href":"https:\/\/rff.turvapaikanhakijoidentuki.fi\/kiertue\/wp-json\/wp\/v2\/media?parent=5"}],"curies":[{"name":"wp","href":"https:\/\/api.w.org\/{rel}","templated":true}]}}