{"id":280,"date":"2024-08-26T13:56:24","date_gmt":"2024-08-26T13:56:24","guid":{"rendered":"https:\/\/rff.turvapaikanhakijoidentuki.fi\/kiertue\/?page_id=280"},"modified":"2024-08-26T18:37:38","modified_gmt":"2024-08-26T18:37:38","slug":"porvoo","status":"publish","type":"page","link":"https:\/\/rff.turvapaikanhakijoidentuki.fi\/kiertue\/porvoo\/","title":{"rendered":"Porvoo"},"content":{"rendered":"\n\n\t\t<p>&nbsp;<\/p>\n<h2>REFUGEE FILM FESTIVAL: PORVOO 13.-14.9.2024<\/h2>\n<h3>Aikataulu<\/h3>\n<p>Tapahtuma pidet\u00e4\u00e4n Vanha 123:ssa, Kaivokatu 37 B<\/p>\n<p>Kaikkiin n\u00e4yt\u00f6ksiin on vapaa p\u00e4\u00e4sy.<\/p>\n<h4>PERJANTAI 13.9.<\/h4>\n<p><strong>12:00<\/strong> Oppilaitosn\u00e4yt\u00f6s<\/p>\n<p><strong>17:00<\/strong> Midnight Traveller<\/p>\n<p><strong>19:00<\/strong> Hava, Maryam, Aysha<\/p>\n\n<p>&nbsp;<\/p>\n<h4>LAUANTAI 14.9.<\/h4>\n<p><strong>14:00<\/strong> Lyhytelokuvan\u00e4yt\u00f6s<\/p>\n<p><strong>16:00<\/strong> Life is beautiful<\/p>\n<p><strong>18:00<\/strong> The Teacher<\/p>\n\t\t<h2>Elokuvat<\/h2><h3>Perjantai<\/h3>\n\t\t\t\t<img loading=\"lazy\" decoding=\"async\" src=\"https:\/\/rff.turvapaikanhakijoidentuki.fi\/kiertue\/wp-content\/uploads\/2024\/02\/oppilaitosnaytos-www.jpg\" alt=\"oppilaitosn\u00e4yt\u00f6s www\" itemprop=\"image\" height=\"1181\" width=\"827\" title=\"oppilaitosn\u00e4yt\u00f6s www\" onerror=\"this.style.display='none'\"  \/>\n\t\t<h3>Oppilaitosn\u00e4yt\u00f6s<\/h3><p><strong>Ik\u00e4rajoitus K-12<\/strong><\/p>\n<p>&nbsp;<\/p>\n<strong>Bisrat<\/strong><br \/>\nO: Anna Blom<br \/>\n11 min, D<br \/>\nKieli: somali<br \/>\nTekstitys: englanti\n<p>&nbsp;<\/p>\n<p>3 lokakuuta 2013 Italiassa Lampedusan l\u00e4hell\u00e4 haaksirikkoutui pakolaisia kuljettanut vene ja ainakin 368 ihmist\u00e4 hukkui. Osa turmasta selviytyneist\u00e4 ihmisist\u00e4 asuu nyt Pohjoismaissa pakolaisina. Bisrat on osa viisiosaista elokuvasarjaa Remembering Lampedusa, jossa turmasta selviytyneet muistelevat tapahtumaa ja heit\u00e4, jotka eiv\u00e4t selviytyneet.<\/p>\n<p>&nbsp;<\/p>\n<strong>Aisti minut<\/strong><br \/>\nO: Ada Johnsson ja Youssef Asad Alkhatib<br \/>\n5 min, F<br \/>\nKieli: suomi\n<p>&nbsp;<\/p>\n<p>Syyriasta Suomeen saapunut Sami pa\u0308a\u0308tyy hevosterapiaan ka\u0308sittelema\u0308a\u0308n menneistyynsa\u0308 traumoja. Ha\u0308nen on vaikea luottaa ihmisiin. Kaikki kuitenkin muuttuu, kun ha\u0308n tutustuu vanhaan hevoseen Uurakseen. Aisti minut -lyhytelokuva on tarina yst\u00e4vyydest\u00e4 ja luottamuksen uudelleen luomisesta hevosterapiassa. Voiko tunteet vain aistia ja ilmaista sanoitta? Tarina perustuu tositapahtumiin.<\/p>\n<p>&nbsp;<\/p>\n<strong>Aysha<\/strong><br \/>\nOhjaus Cengiz Akaygun<br \/>\n2021, 13 min, F<br \/>\nKieli: kurdi, arabia<br \/>\nTekstitys: englanti\n<p>&nbsp;<\/p>\n<p>Cengiz Akaygunin fiktioelokuva Aysha kertoo tarinan 10- ja 11-vuotiaista siskoksista, jotka el\u00e4v\u00e4t sodan ja perheen j\u00e4nnitteiden keskell\u00e4 Syyriassa. Tyt\u00f6t osallistuvat uskonnolliseen testiin ja kapinallinen Aysha haluaisi vapautua h\u00e4nelle annetusta roolista, mutta tilanne alkaa muuttua vakavaksi.<\/p>\n<p>&nbsp;<\/p>\n<strong>You can&#8217;t stop the music<\/strong><br \/>\nO: Hashim Didari<br \/>\n25 min, D<br \/>\nKieli: dari<br \/>\nTekstitys: englanti\n<p>&nbsp;<\/p>\n<p>Mit\u00e4 tapahtuu, kun ei voi en\u00e4\u00e4 tehd\u00e4 sit\u00e4, mik\u00e4 on ammatti, osa identiteetti\u00e4? You Can&#8217;t Stop the Music on realistinen kuva nyky-Afganistanista, mutta el\u00e4m\u00e4 Talibanin varjossa sis\u00e4lt\u00e4\u00e4 my\u00f6s kauhua, joka ei ole t\u00e4st\u00e4 maailmasta.<\/p>\n<p>Akbar Adeli oli musiikin opiskelija Kabulin yliopistossa, kun Taliban otti Afganistanin valtaansa. Konservatiivisten afgaanien mielest\u00e4 musiikki oli ep\u00e4ilytt\u00e4v\u00e4\u00e4 jo ennen talibanien valtaustakin, mutta sen j\u00e4lkeen siit\u00e4 tuli hengenvaarallista &#8211; varsinkin kun Akbar soitti l\u00e4nsimaista popmusiikkia.<\/p>\n<p>Talibanin pelossa Akbar piilotti kitaransa. Mieli paloi kuitenkin soittamaan ja kun yst\u00e4v\u00e4 pyysi mukaan soittamaan omaan projektiinsa, Akbar kaivoi kitaransa piilosta. Akbarin haave on, ett\u00e4 vapaus palaisi Kabuliin, ja taiteilijat, toimittajat ja muusikot saisivat vapaasti toteuttaa ammattiaan.<\/p>\n<p>Talibanilla on kuitenkin k\u00e4tyrins\u00e4, uhka k\u00e4rjistyy, ja Akbar ja h\u00e4nen vanhempansa joutuvat tekem\u00e4\u00e4n vaikean p\u00e4\u00e4t\u00f6ksen.<\/p>\n<p>&nbsp;<\/p>\n\t\t\t\t<img loading=\"lazy\" decoding=\"async\" src=\"https:\/\/rff.turvapaikanhakijoidentuki.fi\/kiertue\/wp-content\/uploads\/2024\/01\/midnight-traveller-www.jpg\" alt=\"midnight traveller www\" itemprop=\"image\" height=\"1181\" width=\"827\" title=\"midnight traveller www\" onerror=\"this.style.display='none'\"  \/>\n\t\t<h3>Midnight Traveller<\/h3>O: Hassan Fazili<br \/>\n2019, 86 min, D<br \/>\nKieli: dari<br \/>\nTekstitys: englanti<br \/>\n<strong>Ik\u00e4rajoitus K-12<\/strong>\n<p>&nbsp;<\/p>\n<p>Afganistanilainen elokuvantekij\u00e4 Hassan Fazili joutuu Talebanin vainon kohteeksi ja pakenee maasta vaimonsa ja kahden tytt\u00e4rens\u00e4 kanssa.\u00a0 Perhe l\u00e4htee kohti Eurooppaa l\u00f6yt\u00e4\u00e4kseen paikan, jossa on mahdollista el\u00e4\u00e4 turvassa. Hassan Fazili ja h\u00e4nen vaimonsa Fatima Hossaini, joka my\u00f6s on elokuvantekij\u00e4, sek\u00e4 heid\u00e4n tytt\u00e4rens\u00e4 Nargis dokumentoivat pakomatkan ja turvapaikanhakemisen vaiheet kolmella k\u00e4nnykk\u00e4kameralla. T\u00e4st\u00e4 materiaalista on syntynyt intiimi ja koskettava elokuva, joka kertoo Euroopasta ja sen tavasta vastaanottaa turvapaikanhakijoita. Elokuva tavoittaa pakolaisuuden ytimen; millaista on kiert\u00e4\u00e4 maasta toiseen etsien paikkaa jonne saisi j\u00e4\u00e4d\u00e4, el\u00e4\u00e4 kuukausia, vuosia v\u00e4liaikaisissa olosuhteissa majoittuen milloin tienpientareella, milloin rakennusty\u00f6mailla. Se on my\u00f6s perhe- ja rakkauselokuva ja kertoo siit\u00e4 millaista on kasvattaa lapsia poikkeusoloissa ja millaisia paineita se luo avioliitolle. Lis\u00e4ksi Fazili pohtii teoksessa tekij\u00e4n roolia ja valtaa suhteessa kertomiinsa asioihin.<\/p>\n\t\t\t\t<img loading=\"lazy\" decoding=\"async\" src=\"https:\/\/rff.turvapaikanhakijoidentuki.fi\/kiertue\/wp-content\/uploads\/2024\/08\/havamaryamaysha-www.jpg\" alt=\"hava,maryamaysha www\" itemprop=\"image\" height=\"1181\" width=\"827\" title=\"hava,maryamaysha www\" onerror=\"this.style.display='none'\"  \/>\n\t\t<h3>Hava, Maryam, Aysha<\/h3>O: Sahraa Karimi<br \/>\n2019, 86 min, F<br \/>\nKieli: dari<br \/>\nTekstitys: englanti<br \/>\n<strong>Ik\u00e4rajoitus K-12<\/strong>\n<p>&nbsp;<\/p>\n<p>Hava, Maryam ja Aysha on Sahraa Karimin ohjaama elokuva, joka on kuvattu kokonaan Kabulissa ja jonka koko n\u00e4yttelij\u00e4kaarti on afganistanilainen. Elokuva on kuvaus naisen asemasta patriarkaalisessa yhteiskunnassa, jossa naiset ovat aina heikompi sukupuoli, olivat he sitten lukutaidottomia, koti\u00e4itej\u00e4 tai korkeasti koulutettuja uranaisia.<\/p>\n<p>&nbsp;<\/p>\n<p>Sahraa Karimi on Afganistanin tunnetuimpia elokuvaohjaajia. H\u00e4n on aiemmin toiminut Afganistanin elokuvaj\u00e4rjest\u00f6n johtajana, mutta joutui j\u00e4tt\u00e4m\u00e4\u00e4n maan talibanin noustua valtaan elokuussa 2021.<\/p>\n\t\t<h3>Lauantai<\/h3>\t\n\t\t\t\t<img loading=\"lazy\" decoding=\"async\" src=\"https:\/\/rff.turvapaikanhakijoidentuki.fi\/kiertue\/wp-content\/uploads\/2024\/08\/365-lyhytelokuvanaytos-www.jpg\" alt=\"365 lyhytelokuvan\u00e4yt\u00f6s www\" itemprop=\"image\" height=\"1181\" width=\"827\" title=\"365 lyhytelokuvan\u00e4yt\u00f6s www\" onerror=\"this.style.display='none'\"  \/>\n\t\t<h3>Lyhytelokuvan\u00e4yt\u00f6s<\/h3><strong>Ei ik\u00e4rajoitusta<br \/>\n<\/strong>\n<p>&nbsp;<\/p>\n<p>N\u00e4yt\u00f6ksess\u00e4 esitet\u00e4\u00e4n Refugee Film Festival -ty\u00f6pajoissa syntyneit\u00e4 lyhytelokuvia sek\u00e4 muita lyhytelokuvia.<\/p>\n<p>&nbsp;<\/p>\n\t\t\t\t<img loading=\"lazy\" decoding=\"async\" src=\"https:\/\/rff.turvapaikanhakijoidentuki.fi\/kiertue\/wp-content\/uploads\/2024\/08\/beautiful-life-www.jpg\" alt=\"beautiful life www\" itemprop=\"image\" height=\"1181\" width=\"827\" title=\"beautiful life www\" onerror=\"this.style.display='none'\"  \/>\n\t\t<h3>Life is beautiful<\/h3>O: Mohamed Jalaby<br \/>\n2023, 90 min, D<br \/>\nKielet: Arabia, norja, englanti<br \/>\nTekstitys: Englanti<br \/>\n<strong>Ik\u00e4rajoitus K-12<\/strong>\n<p>&nbsp;<\/p>\n<p>Nuori gazalainen elokuvantekij\u00e4, Mohamed Jalaby, matkusti ensimm\u00e4ist\u00e4 kertaa el\u00e4m\u00e4ss\u00e4\u00e4n Eurooppaan osallistuakseen Norjassa j\u00e4rjestett\u00e4v\u00e4\u00e4n elokuvaty\u00f6pajaan. H\u00e4nen Norjassa ollessaan suljettiin Rafahin rajanylityspaikka, palestiinalaisille ainoa mahdollinen. Norjan maahanmuuttoviranomaiset katsoivat, ett\u00e4 Jalaby on valtioton (stateless) eik\u00e4 n\u00e4in ollen voi saada viisumia Norjaan. H\u00e4n ei my\u00f6sk\u00e4\u00e4n saanut ty\u00f6ntekij\u00e4n viisumia sill\u00e4 perusteella, ettei ollut koulutettu elokuvaohjaaja. Gazassa t\u00e4llaista koulutusta ei ollut saatavilla.<\/p>\n<p>&nbsp;<\/p>\n<p>N\u00e4in Jalaby j\u00e4i loukkuun Tromssaan, vailla viisumia, vailla mahdollisuutta matkustaa kotiin tai minnek\u00e4\u00e4n muuallekaan. Alkoi pitk\u00e4 ja monivaiheinen selvittelyty\u00f6, johon osallistuivat niin asianajajat, Tromssan kaupunginjohtaja kuin paikallinen tiivis elokuvayhteis\u00f6, joka tuki Jalabya prosessin aikana.<\/p>\n<p>&nbsp;<\/p>\n<p>Jalaby alkoi kuvata tapahtumia alusta alkaen ja n\u00e4in syntyi elokuva, jossa pohditaan palestiinalaisten haavoittuvaa asemaa, Norjan (ja muunkin Euroopan) ep\u00e4loogista ja arvaamatonta maahanmuuttopolitiikka sek\u00e4 kuulumista johonkin ja koti-ik\u00e4v\u00e4\u00e4. Mohamed Jalaby on valloittava ohjaaja-p\u00e4\u00e4henkil\u00f6 ja viimeisen vuoden aikana elokuva Life is beutiful ja sen tekij\u00e4 on kutsuttu yli sadalle festivaalille eri puolille maailmaa. Nyt t\u00e4m\u00e4 hieno, palestiinalaista el\u00e4m\u00e4\u00e4 valottava dokumentti on ensi kertaa n\u00e4ht\u00e4vill\u00e4 Suomessa.<\/p>\n<p>&nbsp;<\/p>\n\t\t\t\t<img loading=\"lazy\" decoding=\"async\" src=\"https:\/\/rff.turvapaikanhakijoidentuki.fi\/kiertue\/wp-content\/uploads\/2024\/08\/teacher-www.jpg\" alt=\"teacher www\" itemprop=\"image\" height=\"1181\" width=\"827\" title=\"teacher www\" onerror=\"this.style.display='none'\"  \/>\n\t\t<h3>The Teacher<\/h3>O: Farah Nabulsi<br \/>\n2023, 115 min, F<br \/>\nKielet: Englanti, arabia<br \/>\nTekstitys: Englanti<br \/>\n<strong>Ik\u00e4rajoitus K-16<\/strong>\n<p>&nbsp;<\/p>\n<p>Farah Nabulsin ohjaama draamelokuva The Teacher p\u00e4\u00e4tt\u00e4\u00e4 Refugee Film Festivalin Porvoossa. Elokuva kertoo L\u00e4nsirannalla asuvasta palestiinalaisesta englannin kielen opettajasta, joka on keskell\u00e4 henkil\u00f6kohtaisen el\u00e4m\u00e4n kriisi\u00e4. Opettaja Basem El-Saleh on oppilaittensa luotettu ja t\u00e4rke\u00e4 henkil\u00f6 kotikyl\u00e4ss\u00e4\u00e4n. H\u00e4n ottaa siipiens\u00e4 suojaan erityisesti nuoren oppilaansa Adamin, joka alkaa radikalisoitua perhett\u00e4\u00e4n kohdanneen tragedian seurauksena. Lis\u00e4ksi alueella on siepattu nuori amerikkalainen sotilas, jonka ep\u00e4toivoiset vanhemmat ovat matkustaneet paikalle etsim\u00e4\u00e4n poikaansa.<\/p>\n<p>&nbsp;<\/p>\n<p>T\u00e4rke\u00e4n\u00e4 sivuhenkil\u00f6n\u00e4 on nuori, englantilainen sosiaality\u00f6ntekij\u00e4, joka ty\u00f6skentelee opettajan kanssa samassa koulussa ja havainnoi ymp\u00e4r\u00f6iv\u00e4\u00e4 yhteiskuntaa ja sen ep\u00e4oikeudenmukaisuuksia ensimm\u00e4ist\u00e4 kertaa.<\/p>\n<p>&nbsp;<\/p>\n<p>Opettaja on elokuvan keskushenkil\u00f6. H\u00e4nen tekem\u00e4ns\u00e4 ratkaisut heijastuvat niin Adamin kuin poikaansa etsivien vanhempien el\u00e4m\u00e4\u00e4n. Elokuvan juonessa on useita k\u00e4\u00e4nteit\u00e4, joita ei voi paljastaa etuk\u00e4teen. Opettajan roolissa on hieno palestiinalaisn\u00e4yttelij\u00e4 Saleh Bakri.<\/p>\n<p>&nbsp;<\/p>\n<p>Kosto, sen oikeutus, suru ja menetyksest\u00e4 selvi\u00e4minen ovat elokuvan teemoja. L\u00e4nsiranta, siirtokunnat ja miehitt\u00e4j\u00e4n l\u00e4sn\u00e4olo ovat elokuvan taustamaisemaa. Se on kuvattu oikeilla tapahtumapaikoilla.<\/p>\n<p>&nbsp;<\/p>\n<p>Ohjaaja Farah Nabulsi on syntynyt ja kasvanut Lontoossa palestiinalaisten vanhempien lapsena. H\u00e4n on aiemmin ohjannut niin ik\u00e4\u00e4n L\u00e4nsirannalle sijoittuvan, palkitun lyhytelokuvan The Present, joka on ollut aiemmin n\u00e4ht\u00e4vill\u00e4 Yle Areenassa. The Teacher on ensimm\u00e4ist\u00e4 kertaa n\u00e4ht\u00e4vill\u00e4 Suomessa ja se esitet\u00e4\u00e4n my\u00f6s Refugee Film Festivalilla Helsingiss\u00e4 marraskuussa.<\/p>\n<p>&nbsp;<\/p>\n\n","protected":false},"excerpt":{"rendered":"<p>&nbsp; REFUGEE FILM FESTIVAL: PORVOO 13.-14.9.2024 Aikataulu Tapahtuma pidet\u00e4\u00e4n Vanha 123:ssa, Kaivokatu 37 B Kaikkiin n\u00e4yt\u00f6ksiin on vapaa p\u00e4\u00e4sy. PERJANTAI 13.9. 12:00 Oppilaitosn\u00e4yt\u00f6s 17:00 Midnight Traveller 19:00 Hava, Maryam, Aysha &nbsp; LAUANTAI 14.9. 14:00 Lyhytelokuvan\u00e4yt\u00f6s 16:00 Life is beautiful 18:00 The Teacher Elokuvat Perjantai Oppilaitosn\u00e4yt\u00f6s Ik\u00e4rajoitus K-12 &nbsp; Bisrat O: Anna Blom 11 min, D&hellip;<\/p>\n","protected":false},"author":1,"featured_media":0,"parent":0,"menu_order":0,"comment_status":"closed","ping_status":"closed","template":"","meta":{"footnotes":""},"class_list":["post-280","page","type-page","status-publish","hentry"],"yoast_head":"<!-- This site is optimized with the Yoast SEO plugin v23.0 - https:\/\/yoast.com\/wordpress\/plugins\/seo\/ -->\n<title>Porvoo - RFF Kiertue<\/title>\n<meta name=\"robots\" content=\"noindex, follow\" \/>\n<meta property=\"og:locale\" content=\"fi_FI\" \/>\n<meta property=\"og:type\" content=\"article\" \/>\n<meta property=\"og:title\" content=\"Porvoo - RFF Kiertue\" \/>\n<meta property=\"og:description\" content=\"&nbsp; REFUGEE FILM FESTIVAL: PORVOO 13.-14.9.2024 Aikataulu Tapahtuma pidet\u00e4\u00e4n Vanha 123:ssa, Kaivokatu 37 B Kaikkiin n\u00e4yt\u00f6ksiin on vapaa p\u00e4\u00e4sy. PERJANTAI 13.9. 12:00 Oppilaitosn\u00e4yt\u00f6s 17:00 Midnight Traveller 19:00 Hava, Maryam, Aysha &nbsp; LAUANTAI 14.9. 14:00 Lyhytelokuvan\u00e4yt\u00f6s 16:00 Life is beautiful 18:00 The Teacher Elokuvat Perjantai Oppilaitosn\u00e4yt\u00f6s Ik\u00e4rajoitus K-12 &nbsp; Bisrat O: Anna Blom 11 min, D&hellip;\" \/>\n<meta property=\"og:url\" content=\"https:\/\/rff.turvapaikanhakijoidentuki.fi\/kiertue\/porvoo\/\" \/>\n<meta property=\"og:site_name\" content=\"RFF Kiertue\" \/>\n<meta property=\"article:modified_time\" content=\"2024-08-26T18:37:38+00:00\" \/>\n<meta property=\"og:image\" content=\"https:\/\/rff.turvapaikanhakijoidentuki.fi\/kiertue\/wp-content\/uploads\/2024\/08\/PORVOO.png\" \/>\n\t<meta property=\"og:image:width\" content=\"1920\" \/>\n\t<meta property=\"og:image:height\" content=\"1080\" \/>\n\t<meta property=\"og:image:type\" content=\"image\/png\" \/>\n<meta name=\"twitter:card\" content=\"summary_large_image\" \/>\n<meta name=\"twitter:label1\" content=\"Arvioitu lukuaika\" \/>\n\t<meta name=\"twitter:data1\" content=\"8 minuuttia\" \/>\n<script type=\"application\/ld+json\" class=\"yoast-schema-graph\">{\"@context\":\"https:\/\/schema.org\",\"@graph\":[{\"@type\":\"WebPage\",\"@id\":\"https:\/\/rff.turvapaikanhakijoidentuki.fi\/kiertue\/porvoo\/\",\"url\":\"https:\/\/rff.turvapaikanhakijoidentuki.fi\/kiertue\/porvoo\/\",\"name\":\"Porvoo - RFF Kiertue\",\"isPartOf\":{\"@id\":\"https:\/\/rff.turvapaikanhakijoidentuki.fi\/kiertue\/#website\"},\"primaryImageOfPage\":{\"@id\":\"https:\/\/rff.turvapaikanhakijoidentuki.fi\/kiertue\/porvoo\/#primaryimage\"},\"image\":{\"@id\":\"https:\/\/rff.turvapaikanhakijoidentuki.fi\/kiertue\/porvoo\/#primaryimage\"},\"thumbnailUrl\":\"https:\/\/rff.turvapaikanhakijoidentuki.fi\/kiertue\/wp-content\/uploads\/2024\/02\/oppilaitosnaytos-www.jpg\",\"datePublished\":\"2024-08-26T13:56:24+00:00\",\"dateModified\":\"2024-08-26T18:37:38+00:00\",\"breadcrumb\":{\"@id\":\"https:\/\/rff.turvapaikanhakijoidentuki.fi\/kiertue\/porvoo\/#breadcrumb\"},\"inLanguage\":\"fi\",\"potentialAction\":[{\"@type\":\"ReadAction\",\"target\":[\"https:\/\/rff.turvapaikanhakijoidentuki.fi\/kiertue\/porvoo\/\"]}]},{\"@type\":\"ImageObject\",\"inLanguage\":\"fi\",\"@id\":\"https:\/\/rff.turvapaikanhakijoidentuki.fi\/kiertue\/porvoo\/#primaryimage\",\"url\":\"https:\/\/rff.turvapaikanhakijoidentuki.fi\/kiertue\/wp-content\/uploads\/2024\/02\/oppilaitosnaytos-www.jpg\",\"contentUrl\":\"https:\/\/rff.turvapaikanhakijoidentuki.fi\/kiertue\/wp-content\/uploads\/2024\/02\/oppilaitosnaytos-www.jpg\",\"width\":827,\"height\":1181},{\"@type\":\"BreadcrumbList\",\"@id\":\"https:\/\/rff.turvapaikanhakijoidentuki.fi\/kiertue\/porvoo\/#breadcrumb\",\"itemListElement\":[{\"@type\":\"ListItem\",\"position\":1,\"name\":\"Etusivu\",\"item\":\"https:\/\/rff.turvapaikanhakijoidentuki.fi\/kiertue\/\"},{\"@type\":\"ListItem\",\"position\":2,\"name\":\"Porvoo\"}]},{\"@type\":\"WebSite\",\"@id\":\"https:\/\/rff.turvapaikanhakijoidentuki.fi\/kiertue\/#website\",\"url\":\"https:\/\/rff.turvapaikanhakijoidentuki.fi\/kiertue\/\",\"name\":\"RFF Kiertue\",\"description\":\"RFF Kiertue\",\"publisher\":{\"@id\":\"https:\/\/rff.turvapaikanhakijoidentuki.fi\/kiertue\/#organization\"},\"potentialAction\":[{\"@type\":\"SearchAction\",\"target\":{\"@type\":\"EntryPoint\",\"urlTemplate\":\"https:\/\/rff.turvapaikanhakijoidentuki.fi\/kiertue\/?s={search_term_string}\"},\"query-input\":\"required name=search_term_string\"}],\"inLanguage\":\"fi\"},{\"@type\":\"Organization\",\"@id\":\"https:\/\/rff.turvapaikanhakijoidentuki.fi\/kiertue\/#organization\",\"name\":\"RFF Kiertue\",\"url\":\"https:\/\/rff.turvapaikanhakijoidentuki.fi\/kiertue\/\",\"logo\":{\"@type\":\"ImageObject\",\"inLanguage\":\"fi\",\"@id\":\"https:\/\/rff.turvapaikanhakijoidentuki.fi\/kiertue\/#\/schema\/logo\/image\/\",\"url\":\"https:\/\/rff.turvapaikanhakijoidentuki.fi\/kiertue\/wp-content\/uploads\/2023\/11\/cropped-vihrea-tausta-RFF.png\",\"contentUrl\":\"https:\/\/rff.turvapaikanhakijoidentuki.fi\/kiertue\/wp-content\/uploads\/2023\/11\/cropped-vihrea-tausta-RFF.png\",\"width\":512,\"height\":512,\"caption\":\"RFF Kiertue\"},\"image\":{\"@id\":\"https:\/\/rff.turvapaikanhakijoidentuki.fi\/kiertue\/#\/schema\/logo\/image\/\"},\"sameAs\":[\"https:\/\/www.instagram.com\/rffkiertue\/\"]}]}<\/script>\n<!-- \/ Yoast SEO plugin. -->","yoast_head_json":{"title":"Porvoo - RFF Kiertue","robots":{"index":"noindex","follow":"follow"},"og_locale":"fi_FI","og_type":"article","og_title":"Porvoo - RFF Kiertue","og_description":"&nbsp; REFUGEE FILM FESTIVAL: PORVOO 13.-14.9.2024 Aikataulu Tapahtuma pidet\u00e4\u00e4n Vanha 123:ssa, Kaivokatu 37 B Kaikkiin n\u00e4yt\u00f6ksiin on vapaa p\u00e4\u00e4sy. PERJANTAI 13.9. 12:00 Oppilaitosn\u00e4yt\u00f6s 17:00 Midnight Traveller 19:00 Hava, Maryam, Aysha &nbsp; LAUANTAI 14.9. 14:00 Lyhytelokuvan\u00e4yt\u00f6s 16:00 Life is beautiful 18:00 The Teacher Elokuvat Perjantai Oppilaitosn\u00e4yt\u00f6s Ik\u00e4rajoitus K-12 &nbsp; Bisrat O: Anna Blom 11 min, D&hellip;","og_url":"https:\/\/rff.turvapaikanhakijoidentuki.fi\/kiertue\/porvoo\/","og_site_name":"RFF Kiertue","article_modified_time":"2024-08-26T18:37:38+00:00","og_image":[{"width":1920,"height":1080,"url":"https:\/\/rff.turvapaikanhakijoidentuki.fi\/kiertue\/wp-content\/uploads\/2024\/08\/PORVOO.png","type":"image\/png"}],"twitter_card":"summary_large_image","twitter_misc":{"Arvioitu lukuaika":"8 minuuttia"},"schema":{"@context":"https:\/\/schema.org","@graph":[{"@type":"WebPage","@id":"https:\/\/rff.turvapaikanhakijoidentuki.fi\/kiertue\/porvoo\/","url":"https:\/\/rff.turvapaikanhakijoidentuki.fi\/kiertue\/porvoo\/","name":"Porvoo - RFF Kiertue","isPartOf":{"@id":"https:\/\/rff.turvapaikanhakijoidentuki.fi\/kiertue\/#website"},"primaryImageOfPage":{"@id":"https:\/\/rff.turvapaikanhakijoidentuki.fi\/kiertue\/porvoo\/#primaryimage"},"image":{"@id":"https:\/\/rff.turvapaikanhakijoidentuki.fi\/kiertue\/porvoo\/#primaryimage"},"thumbnailUrl":"https:\/\/rff.turvapaikanhakijoidentuki.fi\/kiertue\/wp-content\/uploads\/2024\/02\/oppilaitosnaytos-www.jpg","datePublished":"2024-08-26T13:56:24+00:00","dateModified":"2024-08-26T18:37:38+00:00","breadcrumb":{"@id":"https:\/\/rff.turvapaikanhakijoidentuki.fi\/kiertue\/porvoo\/#breadcrumb"},"inLanguage":"fi","potentialAction":[{"@type":"ReadAction","target":["https:\/\/rff.turvapaikanhakijoidentuki.fi\/kiertue\/porvoo\/"]}]},{"@type":"ImageObject","inLanguage":"fi","@id":"https:\/\/rff.turvapaikanhakijoidentuki.fi\/kiertue\/porvoo\/#primaryimage","url":"https:\/\/rff.turvapaikanhakijoidentuki.fi\/kiertue\/wp-content\/uploads\/2024\/02\/oppilaitosnaytos-www.jpg","contentUrl":"https:\/\/rff.turvapaikanhakijoidentuki.fi\/kiertue\/wp-content\/uploads\/2024\/02\/oppilaitosnaytos-www.jpg","width":827,"height":1181},{"@type":"BreadcrumbList","@id":"https:\/\/rff.turvapaikanhakijoidentuki.fi\/kiertue\/porvoo\/#breadcrumb","itemListElement":[{"@type":"ListItem","position":1,"name":"Etusivu","item":"https:\/\/rff.turvapaikanhakijoidentuki.fi\/kiertue\/"},{"@type":"ListItem","position":2,"name":"Porvoo"}]},{"@type":"WebSite","@id":"https:\/\/rff.turvapaikanhakijoidentuki.fi\/kiertue\/#website","url":"https:\/\/rff.turvapaikanhakijoidentuki.fi\/kiertue\/","name":"RFF Kiertue","description":"RFF Kiertue","publisher":{"@id":"https:\/\/rff.turvapaikanhakijoidentuki.fi\/kiertue\/#organization"},"potentialAction":[{"@type":"SearchAction","target":{"@type":"EntryPoint","urlTemplate":"https:\/\/rff.turvapaikanhakijoidentuki.fi\/kiertue\/?s={search_term_string}"},"query-input":"required name=search_term_string"}],"inLanguage":"fi"},{"@type":"Organization","@id":"https:\/\/rff.turvapaikanhakijoidentuki.fi\/kiertue\/#organization","name":"RFF Kiertue","url":"https:\/\/rff.turvapaikanhakijoidentuki.fi\/kiertue\/","logo":{"@type":"ImageObject","inLanguage":"fi","@id":"https:\/\/rff.turvapaikanhakijoidentuki.fi\/kiertue\/#\/schema\/logo\/image\/","url":"https:\/\/rff.turvapaikanhakijoidentuki.fi\/kiertue\/wp-content\/uploads\/2023\/11\/cropped-vihrea-tausta-RFF.png","contentUrl":"https:\/\/rff.turvapaikanhakijoidentuki.fi\/kiertue\/wp-content\/uploads\/2023\/11\/cropped-vihrea-tausta-RFF.png","width":512,"height":512,"caption":"RFF Kiertue"},"image":{"@id":"https:\/\/rff.turvapaikanhakijoidentuki.fi\/kiertue\/#\/schema\/logo\/image\/"},"sameAs":["https:\/\/www.instagram.com\/rffkiertue\/"]}]}},"_links":{"self":[{"href":"https:\/\/rff.turvapaikanhakijoidentuki.fi\/kiertue\/wp-json\/wp\/v2\/pages\/280","targetHints":{"allow":["GET"]}}],"collection":[{"href":"https:\/\/rff.turvapaikanhakijoidentuki.fi\/kiertue\/wp-json\/wp\/v2\/pages"}],"about":[{"href":"https:\/\/rff.turvapaikanhakijoidentuki.fi\/kiertue\/wp-json\/wp\/v2\/types\/page"}],"author":[{"embeddable":true,"href":"https:\/\/rff.turvapaikanhakijoidentuki.fi\/kiertue\/wp-json\/wp\/v2\/users\/1"}],"replies":[{"embeddable":true,"href":"https:\/\/rff.turvapaikanhakijoidentuki.fi\/kiertue\/wp-json\/wp\/v2\/comments?post=280"}],"version-history":[{"count":7,"href":"https:\/\/rff.turvapaikanhakijoidentuki.fi\/kiertue\/wp-json\/wp\/v2\/pages\/280\/revisions"}],"predecessor-version":[{"id":293,"href":"https:\/\/rff.turvapaikanhakijoidentuki.fi\/kiertue\/wp-json\/wp\/v2\/pages\/280\/revisions\/293"}],"wp:attachment":[{"href":"https:\/\/rff.turvapaikanhakijoidentuki.fi\/kiertue\/wp-json\/wp\/v2\/media?parent=280"}],"curies":[{"name":"wp","href":"https:\/\/api.w.org\/{rel}","templated":true}]}}