{"id":245,"date":"2024-02-18T08:53:13","date_gmt":"2024-02-18T08:53:13","guid":{"rendered":"https:\/\/rff.turvapaikanhakijoidentuki.fi\/kiertue\/?page_id=245"},"modified":"2024-03-18T18:42:36","modified_gmt":"2024-03-18T18:42:36","slug":"joensuu","status":"publish","type":"page","link":"https:\/\/rff.turvapaikanhakijoidentuki.fi\/kiertue\/joensuu\/","title":{"rendered":"Joensuu"},"content":{"rendered":"\n\n\t\t<p>&nbsp;<\/p>\n<h2>REFUGEE FILM FESTIVAL: JOENSUU 22.-23.3.2024<\/h2>\n<h3>Aikataulu<\/h3>\n<p>Tapahtuma pidet\u00e4\u00e4n Ravintola Kerubissa, Siltakatu 1, paitsi viimeinen n\u00e4yt\u00f6s Green Border, lauantaina klo 17, Kino Tapio, Kauppakatu 27<\/p>\n<p>Kaikkiin n\u00e4yt\u00f6ksiin on vapaa p\u00e4\u00e4sy.<\/p>\n<h4>PERJANTAI 22.3.<\/h4>\n<p><strong>12:00<\/strong> Toisen asteen n\u00e4yt\u00f6s<\/p>\n<p><strong>15:00<\/strong> Midnight Traveller<\/p>\n\n<h4>LAUANTAI 23.3.<\/h4>\n<p><strong>11:00<\/strong> Lyhytelokuvan\u00e4yt\u00f6s<\/p>\n<p><strong>13:00<\/strong> Palestiina-n\u00e4yt\u00f6s<\/p>\n<p><strong>15:00<\/strong> Nasrin&#8217;s voice<\/p>\n<p><strong>17:00<\/strong> Green Border, Zielona Granica<\/p>\n\t\t<h2>Elokuvat<\/h2><h3>Perjantai<\/h3>\n\t\t\t\t<img loading=\"lazy\" decoding=\"async\" src=\"https:\/\/rff.turvapaikanhakijoidentuki.fi\/kiertue\/wp-content\/uploads\/2024\/02\/oppilaitosnaytos-www.jpg\" alt=\"oppilaitosn\u00e4yt\u00f6s www\" itemprop=\"image\" height=\"1181\" width=\"827\" title=\"oppilaitosn\u00e4yt\u00f6s www\" onerror=\"this.style.display='none'\"  \/>\n\t\t<h3>Toisen asteen n\u00e4yt\u00f6s<\/h3><p><strong>Ik\u00e4rajoitus K-12<\/strong><\/p>\n<p>&nbsp;<\/p>\n<strong>Bisrat<\/strong><br \/>\nO: Anna Blom<br \/>\n11 min, D<br \/>\nKieli: somali<br \/>\nTekstitys: englanti\n<p>&nbsp;<\/p>\n<p>3 lokakuuta 2013 Italiassa Lampedusan l\u00e4hell\u00e4 haaksirikkoutui pakolaisia kuljettanut vene ja ainakin 368 ihmist\u00e4 hukkui. Osa turmasta selviytyneist\u00e4 ihmisist\u00e4 asuu nyt Pohjoismaissa pakolaisina. Bisrat on osa viisiosaista elokuvasarjaa Remembering Lampedusa, jossa turmasta selviytyneet muistelevat tapahtumaa ja heit\u00e4, jotka eiv\u00e4t selviytyneet.<\/p>\n<p>&nbsp;<\/p>\n<strong>Aisti minut<\/strong><br \/>\nO: Ada Johnsson ja Youssef Asad Alkhatib<br \/>\n5 min, F<br \/>\nKieli: suomi\n<p>&nbsp;<\/p>\n<p>Syyriasta Suomeen saapunut Sami pa\u0308a\u0308tyy hevosterapiaan ka\u0308sittelema\u0308a\u0308n menneistyynsa\u0308 traumoja. Ha\u0308nen on vaikea luottaa ihmisiin. Kaikki kuitenkin muuttuu, kun ha\u0308n tutustuu vanhaan hevoseen Uurakseen. Aisti minut -lyhytelokuva on tarina yst\u00e4vyydest\u00e4 ja luottamuksen uudelleen luomisesta hevosterapiassa. Voiko tunteet vain aistia ja ilmaista sanoitta? Tarina perustuu tositapahtumiin.<\/p>\n<p>&nbsp;<\/p>\n<b>Kolme sukupolvea pakolaisuudessa<\/b><br \/>\nOhjaus: Kerttu Matinpuro<br \/>\n2016, 11 min<br \/>\nKieli: suomi, ranska, espanja, hassanya<br \/>\nSuomen- ja englanninkieliset tekstit\n<p>&nbsp;<\/p>\n<p>Kerttu Matinpuron <i>Kolme sukupolvea pakolaisuudessa<\/i> kertoo l\u00e4nsisaharalaisten sahrawien el\u00e4m\u00e4st\u00e4 pakolaisleirill\u00e4, joka on vuosikymmenien kuluessa muuttunut pysyv\u00e4ksi asuinalueeksi.<\/p>\n<p>&nbsp;<\/p>\n<strong>Aysha<\/strong><br \/>\nOhjaus Cengiz Akaygun<br \/>\n2021, 13 min, F<br \/>\nKieli: kurdi, arabia<br \/>\nTekstitys: englanti\n<p>&nbsp;<\/p>\n<p>Cengiz Akaygunin fiktioelokuva Aysha kertoo tarinan 10- ja 11-vuotiaista siskoksista, jotka el\u00e4v\u00e4t sodan ja perheen j\u00e4nnitteiden keskell\u00e4 Syyriassa. Tyt\u00f6t osallistuvat uskonnolliseen testiin ja kapinallinen Aysha haluaisi vapautua h\u00e4nelle annetusta roolista, mutta tilanne alkaa muuttua vakavaksi.<\/p>\n<p>&nbsp;<\/p>\n<strong>You can&#8217;t stop the music<\/strong><br \/>\nO: Hashim Didari<br \/>\n25 min, D<br \/>\nKieli: dari<br \/>\nTekstitys: englanti\n<p>&nbsp;<\/p>\n<p>Mit\u00e4 tapahtuu, kun ei voi en\u00e4\u00e4 tehd\u00e4 sit\u00e4, mik\u00e4 on ammatti, osa identiteetti\u00e4? You Can&#8217;t Stop the Music on realistinen kuva nyky-Afganistanista, mutta el\u00e4m\u00e4 Talibanin varjossa sis\u00e4lt\u00e4\u00e4 my\u00f6s kauhua, joka ei ole t\u00e4st\u00e4 maailmasta.<\/p>\n<p>Akbar Adeli oli musiikin opiskelija Kabulin yliopistossa, kun Taliban otti Afganistanin valtaansa. Konservatiivisten afgaanien mielest\u00e4 musiikki oli ep\u00e4ilytt\u00e4v\u00e4\u00e4 jo ennen talibanien valtaustakin, mutta sen j\u00e4lkeen siit\u00e4 tuli hengenvaarallista &#8211; varsinkin kun Akbar soitti l\u00e4nsimaista popmusiikkia.<\/p>\n<p>Talibanin pelossa Akbar piilotti kitaransa. Mieli paloi kuitenkin soittamaan ja kun yst\u00e4v\u00e4 pyysi mukaan soittamaan omaan projektiinsa, Akbar kaivoi kitaransa piilosta. Akbarin haave on, ett\u00e4 vapaus palaisi Kabuliin, ja taiteilijat, toimittajat ja muusikot saisivat vapaasti toteuttaa ammattiaan.<\/p>\n<p>Talibanilla on kuitenkin k\u00e4tyrins\u00e4, uhka k\u00e4rjistyy, ja Akbar ja h\u00e4nen vanhempansa joutuvat tekem\u00e4\u00e4n vaikean p\u00e4\u00e4t\u00f6ksen.<\/p>\n\t\t\t\t<img loading=\"lazy\" decoding=\"async\" src=\"https:\/\/rff.turvapaikanhakijoidentuki.fi\/kiertue\/wp-content\/uploads\/2024\/01\/midnight-traveller-www.jpg\" alt=\"midnight traveller www\" itemprop=\"image\" height=\"1181\" width=\"827\" title=\"midnight traveller www\" onerror=\"this.style.display='none'\"  \/>\n\t\t<h3>Midnight Traveller<\/h3>O: Hassan Fazili<br \/>\n2019, 86 min, D<br \/>\nKieli: dari<br \/>\nTekstitys: englanti<br \/>\n<strong>Ik\u00e4rajoitus K-12<\/strong>\n<p>&nbsp;<\/p>\nAfganistanilainen elokuvantekij\u00e4 Hassan Fazili joutuu Talebanin vainon kohteeksi ja<br \/>\npakenee maasta vaimonsa ja kahden tytt\u00e4rens\u00e4 kanssa. Perhe l\u00e4htee kohti Eurooppaa l\u00f6yt\u00e4\u00e4kseen paikan, jossa on mahdollista el\u00e4\u00e4 turvassa. Hassan Fazili ja h\u00e4nen vaimonsa Fatima Hossaini, joka my\u00f6s on elokuvantekij\u00e4, sek\u00e4 heid\u00e4n tytt\u00e4rens\u00e4 Nargis dokumentoivat pakomatkan ja turvapaikanhakemisen vaiheet kolmella k\u00e4nnykk\u00e4kameralla. T\u00e4st\u00e4 materiaalista on syntynyt intiimi ja koskettava elokuva, joka on samaan aikaan yleinen ja yksityinen.\n\t\t<h3>Lauantai<\/h3>\t\n\t\t\t\t<img loading=\"lazy\" decoding=\"async\" src=\"https:\/\/rff.turvapaikanhakijoidentuki.fi\/kiertue\/wp-content\/uploads\/2024\/02\/lyhytelokuvanaytos-www.jpg\" alt=\"lyhytelokuvan\u00e4yt\u00f6s www\" itemprop=\"image\" height=\"1181\" width=\"827\" title=\"lyhytelokuvan\u00e4yt\u00f6s www\" onerror=\"this.style.display='none'\"  \/>\n\t\t<h3>Lyhytelokuvan\u00e4yt\u00f6s<\/h3><p><strong>Ik\u00e4rajoitus K-12<\/strong><\/p>\n<p>&nbsp;<\/p>\n<strong>How to Please<\/strong><br \/>\nO: Elina Talvensaari<br \/>\n2023, D, 28 min.<br \/>\nKieli: englanti\n<p>&nbsp;<\/p>\nHow to Please kertoo irakilaisesta Wed Al-Asadista, joka juuttuu Suomen<br \/>\nturvapaikkaj\u00e4rjestelm\u00e4\u00e4n. H\u00e4n yritt\u00e4\u00e4 parhaansa mukaan toteuttaa konemaisen labyrintin<br \/>\ntoiveita, mutta huomaa ett\u00e4 sis\u00e4\u00e4np\u00e4\u00e4sy\u00e4 vaikeampaa on vain ulosp\u00e4\u00e4seminen.\n<p>&nbsp;<\/p>\n<p>&nbsp;<\/p>\n<strong>Dead end<\/strong><br \/>\nO: Ahmad Ebrahimi<br \/>\n15 min, F<br \/>\nKieli: dari<br \/>\nTekstitys: englanti\n<p>&nbsp;<\/p>\n<p>Afganistanilainen perhe on joutunut pakenemaan kotimaastaan ja on Kreikassa turvapaikanhakijoina. T\u00e4rke\u00e4 turvapaikkapuhuttelu l\u00e4hestyy, uhka karkotuksesta painaa ja perheen k\u00e4tketty salaisuus sek\u00e4 yhdist\u00e4\u00e4 ett\u00e4 erottaa heit\u00e4.<\/p>\n<p>&nbsp;<\/p>\n<b>Away<\/b><br \/>\nO: Ruslan Fedotov<br \/>\n2022,29 min<br \/>\nKieli: ukraina<br \/>\nTekstitys: englanti\n<p>&nbsp;<\/p>\n<p>Elokuva kahdesta 16-vuotiaasta ukrainalaisesta pakolaisesta Budapestiss\u00e4. He auttavat pakolaislasten koulussa ja tekev\u00e4t kadulla protestitaidetta, mik\u00e4 her\u00e4tt\u00e4\u00e4 keskustelua unkarilaisten ohikulkijoiden kanssa.<\/p>\n\t\t\t\t<img loading=\"lazy\" decoding=\"async\" src=\"https:\/\/rff.turvapaikanhakijoidentuki.fi\/kiertue\/wp-content\/uploads\/2024\/02\/flying-paper-www.jpg\" alt=\"flying paper www\" itemprop=\"image\" height=\"1181\" width=\"827\" title=\"flying paper www\" onerror=\"this.style.display='none'\"  \/>\n\t\t<h3>Palestiina-n\u00e4yt\u00f6s<\/h3><strong>Flying Paper<\/strong><br \/>\nO: Nitin Sawhney &amp; Roger Hill<br \/>\n2013, D, 51 min<br \/>\nKieli: arabia<br \/>\nTekstitys: englanti<br \/>\n<strong>Ik\u00e4rajoitus K-7<\/strong>\n<p>&nbsp;<\/p>\n<p>Flying Paper johdattaa rikkaaseen palestiinalaiseen leijan tekemisen ja lenn\u00e4tt\u00e4misen kulttuuriin. Se seuraa joukkoa nuoria leijaharrastajia Seifan kyl\u00e4ss\u00e4 Pohjois-Gazassa l\u00e4hell\u00e4 Israelin rajaa. Kyl\u00e4n lapset yritt\u00e4v\u00e4t rikkoa Guinnesin maailmanenn\u00e4tyksen nostamalla ilmaan enemm\u00e4n leijoja kuin koskaan aiemmin. Samalla elokuva kuvaa gazalaisten nuorten tulevaisuuden n\u00e4kymi\u00e4.<\/p>\n<p>&nbsp;<\/p>\n<p>RFF esitt\u00e4\u00e4 my\u00f6s elokuvan lyhyen jatko-osan, jossa palataan Seifan kyl\u00e4\u00e4n ja nuorten el\u00e4m\u00e4\u00e4n nelj\u00e4 vuotta my\u00f6hemmin.<\/p>\n\t\t\t\t<img loading=\"lazy\" decoding=\"async\" src=\"https:\/\/rff.turvapaikanhakijoidentuki.fi\/kiertue\/wp-content\/uploads\/2024\/02\/nasrins-voice-www.jpg\" alt=\"nasrin's voice www\" itemprop=\"image\" height=\"1181\" width=\"827\" title=\"nasrin's voice www\" onerror=\"this.style.display='none'\"  \/>\n\t\t<h3>Nasrin&#8217;s voice<\/h3><strong>Nasrin&#8217;s voice<\/strong><br \/>\nOhjaus: Kaisa Rastimo<br \/>\nSuomi, 2024, 74 min<br \/>\nKieli: suomi, soran\u00ee, turkki<br \/>\nTekstitys: englanti<br \/>\n<strong>Ik\u00e4rajoitus K-7<\/strong>\n<p>&nbsp;<\/p>\n<p>Refugee Film Festival esitt\u00e4\u00e4 tuoreen kotimaisen dokumentin Nasrin&#8217;s voice.<\/p>\n<p>&nbsp;<\/p>\n<p>Nasrin joutui naimisiin 13-vuotiaana ja tuli pian \u00e4idiksi. Kurditaustainen Nasrin p\u00e4\u00e4tyi miehens\u00e4 mukana Suomeen, jossa h\u00e4n sai mahdollisuuden k\u00e4yd\u00e4 koulua ja opiskella ammatin. El\u00e4m\u00e4 Suomessa muutti Nasrinin ajattelua ja h\u00e4n halusi ja sai avioeron. Ei kuitenkaan ilman seurauksia, sill\u00e4 Nasrinin aviomies kaappasi parin kolme tyt\u00e4rt\u00e4 ja vei heid\u00e4t Irakiin. Elokuva kertoo Nasrinin taistelusta saada lapset takaisin luokseen ja on samalla nuoren naisen vahva kasvutarina.<\/p>\n\t\t\t\t<img loading=\"lazy\" decoding=\"async\" src=\"https:\/\/rff.turvapaikanhakijoidentuki.fi\/kiertue\/wp-content\/uploads\/2024\/02\/green-border-traveller-www.jpg\" alt=\"green border traveller www\" itemprop=\"image\" height=\"1181\" width=\"827\" title=\"green border traveller www\" onerror=\"this.style.display='none'\"  \/>\n\t\t<h3>Green Border, Zielona Granica<\/h3>O: Agnieszka Holland<br \/>\n152 min, F, 2023<br \/>\nKieli: puola, arabia, englanti, ranska<br \/>\nTekstitys: englanti<br \/>\n<strong>Ik\u00e4rajoitus K-16<\/strong>\n<p><strong><em>KINO TAPIO<\/em><\/strong><\/p>\n<p>&nbsp;<\/p>\n<p>Pelkoa, n\u00e4lk\u00e4\u00e4 ja v\u00e4kivaltaa EU:n rajoilla. Agnieszka Hollandin ajankohtainen elokuva sijoittuu Puolan ja Valko-Ven\u00e4j\u00e4n v\u00e4liselle &#8221;vihre\u00e4lle rajalle&#8221;, jonne pakolaiset Syyriasta, Afganistanista ja Afrikasta juuttuvat. Shokeeraava, l\u00e4hes dokumentin omainen draama pakottaa n\u00e4kem\u00e4\u00e4n kuinka raa&#8217;asti Eurooppa ty\u00f6nt\u00e4\u00e4 rajoiltaan turvaa hakevia ihmisi\u00e4 &#8211; lapsia, naisia, miehi\u00e4 ja vanhuksia. Samaan aikaan vapaaehtoiset puolalaiset aktivistit pyrkiv\u00e4t j\u00e4rjest\u00e4m\u00e4\u00e4n heille terveydellist\u00e4 sek\u00e4 oikeudellista apua ja nuori rajavartija joutuu miettim\u00e4\u00e4n mit\u00e4 h\u00e4n on tekem\u00e4ss\u00e4.<\/p>\n<p>&nbsp;<\/p>\n<p>Sis\u00e4lt\u00f6varoitus: Elokuva sis\u00e4lt\u00e4\u00e4 ahdistavia kohtauksia.<\/p>\n<p>&nbsp;<\/p>\n<p>Elokuva esitet\u00e4\u00e4n Kino Tapiossa, Kauppakatu 27<\/p>\n\n","protected":false},"excerpt":{"rendered":"<p>&nbsp; REFUGEE FILM FESTIVAL: JOENSUU 22.-23.3.2024 Aikataulu Tapahtuma pidet\u00e4\u00e4n Ravintola Kerubissa, Siltakatu 1, paitsi viimeinen n\u00e4yt\u00f6s Green Border, lauantaina klo 17, Kino Tapio, Kauppakatu 27 Kaikkiin n\u00e4yt\u00f6ksiin on vapaa p\u00e4\u00e4sy. PERJANTAI 22.3. 12:00 Toisen asteen n\u00e4yt\u00f6s 15:00 Midnight Traveller LAUANTAI 23.3. 11:00 Lyhytelokuvan\u00e4yt\u00f6s 13:00 Palestiina-n\u00e4yt\u00f6s 15:00 Nasrin&#8217;s voice 17:00 Green Border, Zielona Granica Elokuvat Perjantai&hellip;<\/p>\n","protected":false},"author":1,"featured_media":0,"parent":0,"menu_order":0,"comment_status":"closed","ping_status":"closed","template":"","meta":{"footnotes":""},"class_list":["post-245","page","type-page","status-publish","hentry"],"yoast_head":"<!-- This site is optimized with the Yoast SEO plugin v23.0 - https:\/\/yoast.com\/wordpress\/plugins\/seo\/ -->\n<title>Joensuu - RFF Kiertue<\/title>\n<meta name=\"robots\" content=\"index, follow, max-snippet:-1, max-image-preview:large, max-video-preview:-1\" \/>\n<link rel=\"canonical\" href=\"https:\/\/rff.turvapaikanhakijoidentuki.fi\/kiertue\/joensuu\/\" \/>\n<meta property=\"og:locale\" content=\"fi_FI\" \/>\n<meta property=\"og:type\" content=\"article\" \/>\n<meta property=\"og:title\" content=\"Joensuu - RFF Kiertue\" \/>\n<meta property=\"og:description\" content=\"&nbsp; REFUGEE FILM FESTIVAL: JOENSUU 22.-23.3.2024 Aikataulu Tapahtuma pidet\u00e4\u00e4n Ravintola Kerubissa, Siltakatu 1, paitsi viimeinen n\u00e4yt\u00f6s Green Border, lauantaina klo 17, Kino Tapio, Kauppakatu 27 Kaikkiin n\u00e4yt\u00f6ksiin on vapaa p\u00e4\u00e4sy. PERJANTAI 22.3. 12:00 Toisen asteen n\u00e4yt\u00f6s 15:00 Midnight Traveller LAUANTAI 23.3. 11:00 Lyhytelokuvan\u00e4yt\u00f6s 13:00 Palestiina-n\u00e4yt\u00f6s 15:00 Nasrin&#8217;s voice 17:00 Green Border, Zielona Granica Elokuvat Perjantai&hellip;\" \/>\n<meta property=\"og:url\" content=\"https:\/\/rff.turvapaikanhakijoidentuki.fi\/kiertue\/joensuu\/\" \/>\n<meta property=\"og:site_name\" content=\"RFF Kiertue\" \/>\n<meta property=\"article:modified_time\" content=\"2024-03-18T18:42:36+00:00\" \/>\n<meta property=\"og:image\" content=\"https:\/\/rff.turvapaikanhakijoidentuki.fi\/kiertue\/wp-content\/uploads\/2024\/02\/JOENSUU-planssi.jpg\" \/>\n\t<meta property=\"og:image:width\" content=\"1920\" \/>\n\t<meta property=\"og:image:height\" content=\"1080\" \/>\n\t<meta property=\"og:image:type\" content=\"image\/jpeg\" \/>\n<meta name=\"twitter:card\" content=\"summary_large_image\" \/>\n<meta name=\"twitter:label1\" content=\"Arvioitu lukuaika\" \/>\n\t<meta name=\"twitter:data1\" content=\"7 minuuttia\" \/>\n<script type=\"application\/ld+json\" class=\"yoast-schema-graph\">{\"@context\":\"https:\/\/schema.org\",\"@graph\":[{\"@type\":\"WebPage\",\"@id\":\"https:\/\/rff.turvapaikanhakijoidentuki.fi\/kiertue\/joensuu\/\",\"url\":\"https:\/\/rff.turvapaikanhakijoidentuki.fi\/kiertue\/joensuu\/\",\"name\":\"Joensuu - RFF Kiertue\",\"isPartOf\":{\"@id\":\"https:\/\/rff.turvapaikanhakijoidentuki.fi\/kiertue\/#website\"},\"primaryImageOfPage\":{\"@id\":\"https:\/\/rff.turvapaikanhakijoidentuki.fi\/kiertue\/joensuu\/#primaryimage\"},\"image\":{\"@id\":\"https:\/\/rff.turvapaikanhakijoidentuki.fi\/kiertue\/joensuu\/#primaryimage\"},\"thumbnailUrl\":\"https:\/\/rff.turvapaikanhakijoidentuki.fi\/kiertue\/wp-content\/uploads\/2024\/02\/oppilaitosnaytos-www.jpg\",\"datePublished\":\"2024-02-18T08:53:13+00:00\",\"dateModified\":\"2024-03-18T18:42:36+00:00\",\"breadcrumb\":{\"@id\":\"https:\/\/rff.turvapaikanhakijoidentuki.fi\/kiertue\/joensuu\/#breadcrumb\"},\"inLanguage\":\"fi\",\"potentialAction\":[{\"@type\":\"ReadAction\",\"target\":[\"https:\/\/rff.turvapaikanhakijoidentuki.fi\/kiertue\/joensuu\/\"]}]},{\"@type\":\"ImageObject\",\"inLanguage\":\"fi\",\"@id\":\"https:\/\/rff.turvapaikanhakijoidentuki.fi\/kiertue\/joensuu\/#primaryimage\",\"url\":\"https:\/\/rff.turvapaikanhakijoidentuki.fi\/kiertue\/wp-content\/uploads\/2024\/02\/oppilaitosnaytos-www.jpg\",\"contentUrl\":\"https:\/\/rff.turvapaikanhakijoidentuki.fi\/kiertue\/wp-content\/uploads\/2024\/02\/oppilaitosnaytos-www.jpg\",\"width\":827,\"height\":1181},{\"@type\":\"BreadcrumbList\",\"@id\":\"https:\/\/rff.turvapaikanhakijoidentuki.fi\/kiertue\/joensuu\/#breadcrumb\",\"itemListElement\":[{\"@type\":\"ListItem\",\"position\":1,\"name\":\"Etusivu\",\"item\":\"https:\/\/rff.turvapaikanhakijoidentuki.fi\/kiertue\/\"},{\"@type\":\"ListItem\",\"position\":2,\"name\":\"Joensuu\"}]},{\"@type\":\"WebSite\",\"@id\":\"https:\/\/rff.turvapaikanhakijoidentuki.fi\/kiertue\/#website\",\"url\":\"https:\/\/rff.turvapaikanhakijoidentuki.fi\/kiertue\/\",\"name\":\"RFF Kiertue\",\"description\":\"RFF Kiertue\",\"publisher\":{\"@id\":\"https:\/\/rff.turvapaikanhakijoidentuki.fi\/kiertue\/#organization\"},\"potentialAction\":[{\"@type\":\"SearchAction\",\"target\":{\"@type\":\"EntryPoint\",\"urlTemplate\":\"https:\/\/rff.turvapaikanhakijoidentuki.fi\/kiertue\/?s={search_term_string}\"},\"query-input\":\"required name=search_term_string\"}],\"inLanguage\":\"fi\"},{\"@type\":\"Organization\",\"@id\":\"https:\/\/rff.turvapaikanhakijoidentuki.fi\/kiertue\/#organization\",\"name\":\"RFF Kiertue\",\"url\":\"https:\/\/rff.turvapaikanhakijoidentuki.fi\/kiertue\/\",\"logo\":{\"@type\":\"ImageObject\",\"inLanguage\":\"fi\",\"@id\":\"https:\/\/rff.turvapaikanhakijoidentuki.fi\/kiertue\/#\/schema\/logo\/image\/\",\"url\":\"https:\/\/rff.turvapaikanhakijoidentuki.fi\/kiertue\/wp-content\/uploads\/2023\/11\/cropped-vihrea-tausta-RFF.png\",\"contentUrl\":\"https:\/\/rff.turvapaikanhakijoidentuki.fi\/kiertue\/wp-content\/uploads\/2023\/11\/cropped-vihrea-tausta-RFF.png\",\"width\":512,\"height\":512,\"caption\":\"RFF Kiertue\"},\"image\":{\"@id\":\"https:\/\/rff.turvapaikanhakijoidentuki.fi\/kiertue\/#\/schema\/logo\/image\/\"},\"sameAs\":[\"https:\/\/www.instagram.com\/rffkiertue\/\"]}]}<\/script>\n<!-- \/ Yoast SEO plugin. -->","yoast_head_json":{"title":"Joensuu - RFF Kiertue","robots":{"index":"index","follow":"follow","max-snippet":"max-snippet:-1","max-image-preview":"max-image-preview:large","max-video-preview":"max-video-preview:-1"},"canonical":"https:\/\/rff.turvapaikanhakijoidentuki.fi\/kiertue\/joensuu\/","og_locale":"fi_FI","og_type":"article","og_title":"Joensuu - RFF Kiertue","og_description":"&nbsp; REFUGEE FILM FESTIVAL: JOENSUU 22.-23.3.2024 Aikataulu Tapahtuma pidet\u00e4\u00e4n Ravintola Kerubissa, Siltakatu 1, paitsi viimeinen n\u00e4yt\u00f6s Green Border, lauantaina klo 17, Kino Tapio, Kauppakatu 27 Kaikkiin n\u00e4yt\u00f6ksiin on vapaa p\u00e4\u00e4sy. PERJANTAI 22.3. 12:00 Toisen asteen n\u00e4yt\u00f6s 15:00 Midnight Traveller LAUANTAI 23.3. 11:00 Lyhytelokuvan\u00e4yt\u00f6s 13:00 Palestiina-n\u00e4yt\u00f6s 15:00 Nasrin&#8217;s voice 17:00 Green Border, Zielona Granica Elokuvat Perjantai&hellip;","og_url":"https:\/\/rff.turvapaikanhakijoidentuki.fi\/kiertue\/joensuu\/","og_site_name":"RFF Kiertue","article_modified_time":"2024-03-18T18:42:36+00:00","og_image":[{"width":1920,"height":1080,"url":"https:\/\/rff.turvapaikanhakijoidentuki.fi\/kiertue\/wp-content\/uploads\/2024\/02\/JOENSUU-planssi.jpg","type":"image\/jpeg"}],"twitter_card":"summary_large_image","twitter_misc":{"Arvioitu lukuaika":"7 minuuttia"},"schema":{"@context":"https:\/\/schema.org","@graph":[{"@type":"WebPage","@id":"https:\/\/rff.turvapaikanhakijoidentuki.fi\/kiertue\/joensuu\/","url":"https:\/\/rff.turvapaikanhakijoidentuki.fi\/kiertue\/joensuu\/","name":"Joensuu - RFF Kiertue","isPartOf":{"@id":"https:\/\/rff.turvapaikanhakijoidentuki.fi\/kiertue\/#website"},"primaryImageOfPage":{"@id":"https:\/\/rff.turvapaikanhakijoidentuki.fi\/kiertue\/joensuu\/#primaryimage"},"image":{"@id":"https:\/\/rff.turvapaikanhakijoidentuki.fi\/kiertue\/joensuu\/#primaryimage"},"thumbnailUrl":"https:\/\/rff.turvapaikanhakijoidentuki.fi\/kiertue\/wp-content\/uploads\/2024\/02\/oppilaitosnaytos-www.jpg","datePublished":"2024-02-18T08:53:13+00:00","dateModified":"2024-03-18T18:42:36+00:00","breadcrumb":{"@id":"https:\/\/rff.turvapaikanhakijoidentuki.fi\/kiertue\/joensuu\/#breadcrumb"},"inLanguage":"fi","potentialAction":[{"@type":"ReadAction","target":["https:\/\/rff.turvapaikanhakijoidentuki.fi\/kiertue\/joensuu\/"]}]},{"@type":"ImageObject","inLanguage":"fi","@id":"https:\/\/rff.turvapaikanhakijoidentuki.fi\/kiertue\/joensuu\/#primaryimage","url":"https:\/\/rff.turvapaikanhakijoidentuki.fi\/kiertue\/wp-content\/uploads\/2024\/02\/oppilaitosnaytos-www.jpg","contentUrl":"https:\/\/rff.turvapaikanhakijoidentuki.fi\/kiertue\/wp-content\/uploads\/2024\/02\/oppilaitosnaytos-www.jpg","width":827,"height":1181},{"@type":"BreadcrumbList","@id":"https:\/\/rff.turvapaikanhakijoidentuki.fi\/kiertue\/joensuu\/#breadcrumb","itemListElement":[{"@type":"ListItem","position":1,"name":"Etusivu","item":"https:\/\/rff.turvapaikanhakijoidentuki.fi\/kiertue\/"},{"@type":"ListItem","position":2,"name":"Joensuu"}]},{"@type":"WebSite","@id":"https:\/\/rff.turvapaikanhakijoidentuki.fi\/kiertue\/#website","url":"https:\/\/rff.turvapaikanhakijoidentuki.fi\/kiertue\/","name":"RFF Kiertue","description":"RFF Kiertue","publisher":{"@id":"https:\/\/rff.turvapaikanhakijoidentuki.fi\/kiertue\/#organization"},"potentialAction":[{"@type":"SearchAction","target":{"@type":"EntryPoint","urlTemplate":"https:\/\/rff.turvapaikanhakijoidentuki.fi\/kiertue\/?s={search_term_string}"},"query-input":"required name=search_term_string"}],"inLanguage":"fi"},{"@type":"Organization","@id":"https:\/\/rff.turvapaikanhakijoidentuki.fi\/kiertue\/#organization","name":"RFF Kiertue","url":"https:\/\/rff.turvapaikanhakijoidentuki.fi\/kiertue\/","logo":{"@type":"ImageObject","inLanguage":"fi","@id":"https:\/\/rff.turvapaikanhakijoidentuki.fi\/kiertue\/#\/schema\/logo\/image\/","url":"https:\/\/rff.turvapaikanhakijoidentuki.fi\/kiertue\/wp-content\/uploads\/2023\/11\/cropped-vihrea-tausta-RFF.png","contentUrl":"https:\/\/rff.turvapaikanhakijoidentuki.fi\/kiertue\/wp-content\/uploads\/2023\/11\/cropped-vihrea-tausta-RFF.png","width":512,"height":512,"caption":"RFF Kiertue"},"image":{"@id":"https:\/\/rff.turvapaikanhakijoidentuki.fi\/kiertue\/#\/schema\/logo\/image\/"},"sameAs":["https:\/\/www.instagram.com\/rffkiertue\/"]}]}},"_links":{"self":[{"href":"https:\/\/rff.turvapaikanhakijoidentuki.fi\/kiertue\/wp-json\/wp\/v2\/pages\/245","targetHints":{"allow":["GET"]}}],"collection":[{"href":"https:\/\/rff.turvapaikanhakijoidentuki.fi\/kiertue\/wp-json\/wp\/v2\/pages"}],"about":[{"href":"https:\/\/rff.turvapaikanhakijoidentuki.fi\/kiertue\/wp-json\/wp\/v2\/types\/page"}],"author":[{"embeddable":true,"href":"https:\/\/rff.turvapaikanhakijoidentuki.fi\/kiertue\/wp-json\/wp\/v2\/users\/1"}],"replies":[{"embeddable":true,"href":"https:\/\/rff.turvapaikanhakijoidentuki.fi\/kiertue\/wp-json\/wp\/v2\/comments?post=245"}],"version-history":[{"count":7,"href":"https:\/\/rff.turvapaikanhakijoidentuki.fi\/kiertue\/wp-json\/wp\/v2\/pages\/245\/revisions"}],"predecessor-version":[{"id":271,"href":"https:\/\/rff.turvapaikanhakijoidentuki.fi\/kiertue\/wp-json\/wp\/v2\/pages\/245\/revisions\/271"}],"wp:attachment":[{"href":"https:\/\/rff.turvapaikanhakijoidentuki.fi\/kiertue\/wp-json\/wp\/v2\/media?parent=245"}],"curies":[{"name":"wp","href":"https:\/\/api.w.org\/{rel}","templated":true}]}}