{"id":157,"date":"2024-01-08T15:42:33","date_gmt":"2024-01-08T15:42:33","guid":{"rendered":"https:\/\/rff.turvapaikanhakijoidentuki.fi\/kiertue\/?page_id=157"},"modified":"2024-03-18T18:50:12","modified_gmt":"2024-03-18T18:50:12","slug":"joutsa","status":"publish","type":"page","link":"https:\/\/rff.turvapaikanhakijoidentuki.fi\/kiertue\/joutsa\/","title":{"rendered":"Joutsa"},"content":{"rendered":"\n\n\t\t<p>&nbsp;<\/p>\n<h2>REFUGEE FILM FESTIVAL: JOUTSA 19.-20.01.2024<\/h2>\n<h3>Aikataulu<\/h3>\n<p>Festivaalipaikka on Joutsan Kino, Nuorisoseuran talo, Jousitie 27, Joutsa<\/p>\n<p>Kaikkiin n\u00e4yt\u00f6ksiin on vapaa p\u00e4\u00e4sy.<\/p>\n<h4>PERJANTAI 19.1.<\/h4>\n<p><strong>12:00<\/strong> Lyhytelokuvan\u00e4yt\u00f6s<\/p>\n<p><strong>18:00<\/strong> Io Capitano<\/p>\n\n<h4>LAUANTAI 20.1.<\/h4>\n<p><strong>12:00<\/strong> Onnelin ja Annelin talvi<\/p>\n<p><strong>13:30<\/strong> Lasten taiden\u00e4yttely Dreamworldin avajaiset<\/p>\n<p><strong>15:00<\/strong> Ukraina-n\u00e4yt\u00f6s<\/p>\n<p><strong>18:00<\/strong> Midnight traveler<\/p>\n\t\t<h2>Elokuvat<\/h2><h3>Perjantai<\/h3>\n\t\t\t\t<img loading=\"lazy\" decoding=\"async\" src=\"https:\/\/rff.turvapaikanhakijoidentuki.fi\/kiertue\/wp-content\/uploads\/2024\/01\/lyharit-www.jpg\" alt=\"lyha\u0308rit www\" itemprop=\"image\" height=\"1181\" width=\"827\" title=\"lyha\u0308rit www\" onerror=\"this.style.display='none'\"  \/>\n\t\t<h3>Lyhytelokuvan\u00e4yt\u00f6s<\/h3>\n<p><strong>Ik\u00e4rajoitus K-12<\/strong><\/p>\n<p>&nbsp;<\/p>\n<strong>Bisrat<\/strong><br \/>\nO: Anna Blom<br \/>\n11 min, D<br \/>\nKieli: somali<br \/>\nTekstitys: englanti\n<p>&nbsp;<\/p>\n<p>3 lokakuuta 2013 Italiassa Lampedusan l\u00e4hell\u00e4 haaksirikkoutui pakolaisia kuljettanut vene ja ainakin 368 ihmist\u00e4 hukkui. Osa turmasta selviytyneist\u00e4 ihmisist\u00e4 asuu nyt Pohjoismaissa pakolaisina. Bisrat on osa viisiosaista elokuvasarjaa Remembering Lampedusa, jossa turmasta selviytyneet muistelevat tapahtumaa ja heit\u00e4, jotka eiv\u00e4t selviytyneet.<\/p>\n<p>&nbsp;<\/p>\n<strong>Aisti minut<\/strong><br \/>\nO: Ada Johnsson ja Youssef Asad Alkhatib<br \/>\n5 min, F<br \/>\nKieli: suomi\n<p>&nbsp;<\/p>\n<p>Syyriasta Suomeen saapunut Sami pa\u0308a\u0308tyy hevosterapiaan ka\u0308sittelema\u0308a\u0308n menneistyynsa\u0308 traumoja. Ha\u0308nen on vaikea luottaa ihmisiin. Kaikki kuitenkin muuttuu, kun ha\u0308n tutustuu vanhaan hevoseen Uurakseen. Aisti minut -lyhytelokuva on tarina yst\u00e4vyydest\u00e4 ja luottamuksen uudelleen luomisesta hevosterapiassa. Voiko tunteet vain aistia ja ilmaista sanoitta? Tarina perustuu tositapahtumiin.<\/p>\n<p>&nbsp;<\/p>\n<strong>Aysha<\/strong><br \/>\nOhjaus Cengiz Akaygun<br \/>\n2021, 13 min, F<br \/>\nKieli: kurdi, arabia<br \/>\nTekstitys: englanti\n<p>&nbsp;<\/p>\n<p>Cengiz Akaygunin fiktioelokuva Aysha kertoo tarinan 10- ja 11-vuotiaista siskoksista, jotka el\u00e4v\u00e4t sodan ja perheen j\u00e4nnitteiden keskell\u00e4 Syyriassa. Tyt\u00f6t osallistuvat uskonnolliseen testiin ja kapinallinen Aysha haluaisi vapautua h\u00e4nelle annetusta roolista, mutta tilanne alkaa muuttua vakavaksi.<\/p>\n<p>&nbsp;<\/p>\n<strong>You can&#8217;t stop the music<\/strong><br \/>\nO: Hashim Didari<br \/>\n25 min, D<br \/>\nKieli: dari<br \/>\nTekstitys: englanti\n<p>&nbsp;<\/p>\n<p>Mit\u00e4 tapahtuu, kun ei voi en\u00e4\u00e4 tehd\u00e4 sit\u00e4, mik\u00e4 on ammatti, osa identiteetti\u00e4? You Can&#8217;t Stop the Music on realistinen kuva nyky-Afganistanista, mutta el\u00e4m\u00e4 Talibanin varjossa sis\u00e4lt\u00e4\u00e4 my\u00f6s kauhua, joka ei ole t\u00e4st\u00e4 maailmasta.<\/p>\n<p>Akbar Adeli oli musiikin opiskelija Kabulin yliopistossa, kun Taliban otti Afganistanin valtaansa. Konservatiivisten afgaanien mielest\u00e4 musiikki oli ep\u00e4ilytt\u00e4v\u00e4\u00e4 jo ennen talibanien valtaustakin, mutta sen j\u00e4lkeen siit\u00e4 tuli hengenvaarallista &#8211; varsinkin kun Akbar soitti l\u00e4nsimaista popmusiikkia.<\/p>\n<p>Talibanin pelossa Akbar piilotti kitaransa. Mieli paloi kuitenkin soittamaan ja kun yst\u00e4v\u00e4 pyysi mukaan soittamaan omaan projektiinsa, Akbar kaivoi kitaransa piilosta. Akbarin haave on, ett\u00e4 vapaus palaisi Kabuliin, ja taiteilijat, toimittajat ja muusikot saisivat vapaasti toteuttaa ammattiaan.<\/p>\n<p>Talibanilla on kuitenkin k\u00e4tyrins\u00e4, uhka k\u00e4rjistyy, ja Akbar ja h\u00e4nen vanhempansa joutuvat tekem\u00e4\u00e4n vaikean p\u00e4\u00e4t\u00f6ksen.<\/p>\n\t\t\t\t<img loading=\"lazy\" decoding=\"async\" src=\"https:\/\/rff.turvapaikanhakijoidentuki.fi\/kiertue\/wp-content\/uploads\/2024\/01\/io-capitano-www.jpg\" alt=\"io capitano www\" itemprop=\"image\" height=\"1181\" width=\"827\" title=\"io capitano www\" onerror=\"this.style.display='none'\"  \/>\n\t\t<h3>Io Capitano, Me Captain<\/h3>O: Matteo Garrone<br \/>\n121 min, F, 2023<br \/>\nKieli: wolof, ranska<br \/>\nTekstitys: englanti<br \/>\n<strong>Ik\u00e4rajoitus K-16<\/strong>\n<p>&nbsp;<\/p>\n<p>Italialainen draamaelokuva Io Capitano on kahden senegalilaisen teinipojan huikea seikkailu matkasta Dakarista Italiaan. Elokuva voitti useita palkintoja Venetsian elokuvajuhlilla t\u00e4n\u00e4 vuonna: mm. Ohjaaja Matteo Garrone sai Hopeisen Leijona-palkinnon, elokuvalle my\u00f6nnettiin Unesco-palkinto ja ansaitusti elokuvan p\u00e4\u00e4roolia n\u00e4ytellyt Seydou Sarr voitti parhaan nuoren n\u00e4yttelij\u00e4n palkinnon. H\u00e4nen kanssaan me kohtaamme kaikki kauheudet, joihin pakolaiset rikollisten matkan j\u00e4rjest\u00e4jien toimesta joutuvat matkallaan l\u00e4pi Pohjois-Afrikan. Elokuva on taidokas yhdistelm\u00e4 raakaa realismia ja huojentavaa fantasiaa. Kun matkalla rikollisten aiheuttama k\u00e4rsimys alkaa katsojastakin tuntua liian tuskalliselta tulevat, kauniisti kuvatut, helpottavat hallusinaatiot my\u00f6s katsojan pelastukseksi. Elokuvassa my\u00f6s kaiken pahuuden keskell\u00e4kin l\u00f6ytyy se ihmisyydelle t\u00e4rkein; yst\u00e4vyys ja l\u00e4himm\u00e4isten tuki.<\/p>\n\t\t<h3>Lauantai<\/h3>\t\n\t\t\t\t<img loading=\"lazy\" decoding=\"async\" src=\"https:\/\/rff.turvapaikanhakijoidentuki.fi\/kiertue\/wp-content\/uploads\/2024\/01\/onneli_anneli-www.jpg\" alt=\"onneli_anneli www\" itemprop=\"image\" height=\"1181\" width=\"827\" title=\"onneli_anneli www\" onerror=\"this.style.display='none'\"  \/>\n\t\t<h3>Onnelin ja Annelin talvi<\/h3>O: Saara Cantell<br \/>\n2015, 83 min, F<br \/>\nKieli: suomi<br \/>\n<strong>Ik\u00e4rajoitus S<\/strong>\n<p>&nbsp;<\/p>\n<p>Onnelin ja Annelin talvi on elokuva erilaisuudesta ja sen hyv\u00e4ksymisest\u00e4. Tarina alkaa kun kotitalonsa menett\u00e4nyt pikkuruinen Vaaksanheimon perhe muuttaa evakkoon Onnelin ja Annelin nukkekotiin. Onnelille ja Annelille Vaaksanheimojen kohtaaminen on mutkatonta, mutta tarinan maailmasta l\u00f6ytyy my\u00f6s aikuisia, jotka eiv\u00e4t pysty tunnistamaan inhimillisyytt\u00e4 ulkoisen erilaisuuden takaa.<\/p>\n\t\t\t\t<img loading=\"lazy\" decoding=\"async\" src=\"https:\/\/rff.turvapaikanhakijoidentuki.fi\/kiertue\/wp-content\/uploads\/2023\/11\/cropped-vihrea-tausta-RFF.png\" alt=\"https:\/\/rff.turvapaikanhakijoidentuki.fi\/kiertue\/wp-content\/uploads\/2023\/11\/cropped-vihrea-tausta-RFF.png\" itemprop=\"image\" height=\"512\" width=\"512\" title=\"cropped-vihrea-tausta-RFF.png\" onerror=\"this.style.display='none'\"  \/>\n\t\t<h3>Lasten taiden\u00e4yttelyn avajaiset<\/h3><p>Refugee Film Festivalin yhteydess\u00e4 j\u00e4rjestet\u00e4\u00e4n lasten taiden\u00e4yttely elokuvateatteri Joutsan Kinon tiloissa. N\u00e4yttelyn ovat toteuttaneet Joutsassa asuvat pakolaislapset sek\u00e4 Joutsan yhten\u00e4iskoulun 3 B -luokka Taidekeskus Haihatuksen residenssitaiteilija Anna Millerin johdolla.<\/p>\n\t\t\t\t<img loading=\"lazy\" decoding=\"async\" src=\"https:\/\/rff.turvapaikanhakijoidentuki.fi\/kiertue\/wp-content\/uploads\/2024\/01\/365-www.jpg\" alt=\"365 www\" itemprop=\"image\" height=\"1181\" width=\"827\" title=\"365 www\" onerror=\"this.style.display='none'\"  \/>\n\t\t<h3>Ukraina-n\u00e4yt\u00f6s<\/h3><p><strong>Ik\u00e4rajoitus K-12<\/strong><\/p>\n<p>&nbsp;<\/p>\n<b>365 astetta<\/b><br \/>\nO: Hanna Brotherus<br \/>\n2023, 6 min.\n<p>&nbsp;<\/p>\n<p>Koreografi Hanna Brotheruksen ja suomalais-ukrainalaisen ryhm\u00e4n tanssielokuva muistuttaa toivon merkityksest\u00e4.<\/p>\n<p>&nbsp;<\/p>\n<b>Making of 365<\/b><br \/>\n2023, 8 min.<br \/>\nKieli: suomi, englanti\n<p>&nbsp;<\/p>\n<p>Koreografi Hanna Brotherus ja tanssija Nina Bulgakova kertovat 365 astetta -tanssielokuvan tekemisest\u00e4.<\/p>\n<p>&nbsp;<\/p>\n<b>waking up in silence<\/b><br \/>\nO: Mila Zhluktenko &amp; Daniel Asadi Faezi<br \/>\n17 min<br \/>\nKieli: ukraina, ven\u00e4j\u00e4<br \/>\nTekstitys: englanti\n<p>&nbsp;<\/p>\n<p>Ukrainalaiset lapset pohtivat menneisyytt\u00e4\u00e4n samalla kun he tutkivat uutta saksalaista kotiaan, joka on aiemmin ollut kansallissosialistien sotilaskasarmi.<\/p>\n<p>&nbsp;<\/p>\n<b>Away<\/b><br \/>\nO: Ruslan Fedotov<br \/>\n2022,29 min<br \/>\nKieli: ukraina<br \/>\nTekstitys: englanti\n<p>&nbsp;<\/p>\n<p>Elokuva kahdesta 16-vuotiaasta ukrainalaisesta pakolaisesta Budapestiss\u00e4. He auttavat pakolaislasten koulussa ja tekev\u00e4t kadulla protestitaidetta, mik\u00e4 her\u00e4tt\u00e4\u00e4 keskustelua unkarilaisten ohikulkijoiden kanssa.<\/p>\n\t\t\t\t<img loading=\"lazy\" decoding=\"async\" src=\"https:\/\/rff.turvapaikanhakijoidentuki.fi\/kiertue\/wp-content\/uploads\/2024\/01\/midnight-traveller-www.jpg\" alt=\"midnight traveller www\" itemprop=\"image\" height=\"1181\" width=\"827\" title=\"midnight traveller www\" onerror=\"this.style.display='none'\"  \/>\n\t\t<h3>Midnight Traveller<\/h3>O: Hassan Fazili<br \/>\n2019, 86 min, D<br \/>\nKieli: dari<br \/>\nTekstitys: englanti<br \/>\n<strong>Ik\u00e4rajoitus K-12<\/strong>\n<p>&nbsp;<\/p>\nAfganistanilainen elokuvantekij\u00e4 Hassan Fazili joutuu Talebanin vainon kohteeksi ja<br \/>\npakenee maasta vaimonsa ja kahden tytt\u00e4rens\u00e4 kanssa. Perhe l\u00e4htee kohti Eurooppaa l\u00f6yt\u00e4\u00e4kseen paikan, jossa on mahdollista el\u00e4\u00e4 turvassa. Hassan Fazili ja h\u00e4nen vaimonsa Fatima Hossaini, joka my\u00f6s on elokuvantekij\u00e4, sek\u00e4 heid\u00e4n tytt\u00e4rens\u00e4 Nargis dokumentoivat pakomatkan ja turvapaikanhakemisen vaiheet kolmella k\u00e4nnykk\u00e4kameralla. T\u00e4st\u00e4 materiaalista on syntynyt intiimi ja koskettava elokuva, joka on samaan aikaan yleinen ja yksityinen.\n\n","protected":false},"excerpt":{"rendered":"<p>&nbsp; REFUGEE FILM FESTIVAL: JOUTSA 19.-20.01.2024 Aikataulu Festivaalipaikka on Joutsan Kino, Nuorisoseuran talo, Jousitie 27, Joutsa Kaikkiin n\u00e4yt\u00f6ksiin on vapaa p\u00e4\u00e4sy. PERJANTAI 19.1. 12:00 Lyhytelokuvan\u00e4yt\u00f6s 18:00 Io Capitano LAUANTAI 20.1. 12:00 Onnelin ja Annelin talvi 13:30 Lasten taiden\u00e4yttely Dreamworldin avajaiset 15:00 Ukraina-n\u00e4yt\u00f6s 18:00 Midnight traveler Elokuvat Perjantai Lyhytelokuvan\u00e4yt\u00f6s Ik\u00e4rajoitus K-12 &nbsp; Bisrat O: Anna Blom&hellip;<\/p>\n","protected":false},"author":1,"featured_media":0,"parent":0,"menu_order":0,"comment_status":"closed","ping_status":"closed","template":"","meta":{"footnotes":""},"class_list":["post-157","page","type-page","status-publish","hentry"],"yoast_head":"<!-- This site is optimized with the Yoast SEO plugin v23.0 - https:\/\/yoast.com\/wordpress\/plugins\/seo\/ -->\n<title>Joutsa - RFF Kiertue<\/title>\n<meta name=\"robots\" content=\"index, follow, max-snippet:-1, max-image-preview:large, max-video-preview:-1\" \/>\n<link rel=\"canonical\" href=\"https:\/\/rff.turvapaikanhakijoidentuki.fi\/kiertue\/joutsa\/\" \/>\n<meta property=\"og:locale\" content=\"fi_FI\" \/>\n<meta property=\"og:type\" content=\"article\" \/>\n<meta property=\"og:title\" content=\"Joutsa - RFF Kiertue\" \/>\n<meta property=\"og:description\" content=\"&nbsp; REFUGEE FILM FESTIVAL: JOUTSA 19.-20.01.2024 Aikataulu Festivaalipaikka on Joutsan Kino, Nuorisoseuran talo, Jousitie 27, Joutsa Kaikkiin n\u00e4yt\u00f6ksiin on vapaa p\u00e4\u00e4sy. PERJANTAI 19.1. 12:00 Lyhytelokuvan\u00e4yt\u00f6s 18:00 Io Capitano LAUANTAI 20.1. 12:00 Onnelin ja Annelin talvi 13:30 Lasten taiden\u00e4yttely Dreamworldin avajaiset 15:00 Ukraina-n\u00e4yt\u00f6s 18:00 Midnight traveler Elokuvat Perjantai Lyhytelokuvan\u00e4yt\u00f6s Ik\u00e4rajoitus K-12 &nbsp; Bisrat O: Anna Blom&hellip;\" \/>\n<meta property=\"og:url\" content=\"https:\/\/rff.turvapaikanhakijoidentuki.fi\/kiertue\/joutsa\/\" \/>\n<meta property=\"og:site_name\" content=\"RFF Kiertue\" \/>\n<meta property=\"article:modified_time\" content=\"2024-03-18T18:50:12+00:00\" \/>\n<meta property=\"og:image\" content=\"https:\/\/rff.turvapaikanhakijoidentuki.fi\/kiertue\/wp-content\/uploads\/2024\/01\/Add-a-heading.png\" \/>\n\t<meta property=\"og:image:width\" content=\"1640\" \/>\n\t<meta property=\"og:image:height\" content=\"924\" \/>\n\t<meta property=\"og:image:type\" content=\"image\/png\" \/>\n<meta name=\"twitter:card\" content=\"summary_large_image\" \/>\n<meta name=\"twitter:label1\" content=\"Arvioitu lukuaika\" \/>\n\t<meta name=\"twitter:data1\" content=\"6 minuuttia\" \/>\n<script type=\"application\/ld+json\" class=\"yoast-schema-graph\">{\"@context\":\"https:\/\/schema.org\",\"@graph\":[{\"@type\":\"WebPage\",\"@id\":\"https:\/\/rff.turvapaikanhakijoidentuki.fi\/kiertue\/joutsa\/\",\"url\":\"https:\/\/rff.turvapaikanhakijoidentuki.fi\/kiertue\/joutsa\/\",\"name\":\"Joutsa - RFF Kiertue\",\"isPartOf\":{\"@id\":\"https:\/\/rff.turvapaikanhakijoidentuki.fi\/kiertue\/#website\"},\"primaryImageOfPage\":{\"@id\":\"https:\/\/rff.turvapaikanhakijoidentuki.fi\/kiertue\/joutsa\/#primaryimage\"},\"image\":{\"@id\":\"https:\/\/rff.turvapaikanhakijoidentuki.fi\/kiertue\/joutsa\/#primaryimage\"},\"thumbnailUrl\":\"https:\/\/rff.turvapaikanhakijoidentuki.fi\/kiertue\/wp-content\/uploads\/2024\/01\/lyharit-www.jpg\",\"datePublished\":\"2024-01-08T15:42:33+00:00\",\"dateModified\":\"2024-03-18T18:50:12+00:00\",\"breadcrumb\":{\"@id\":\"https:\/\/rff.turvapaikanhakijoidentuki.fi\/kiertue\/joutsa\/#breadcrumb\"},\"inLanguage\":\"fi\",\"potentialAction\":[{\"@type\":\"ReadAction\",\"target\":[\"https:\/\/rff.turvapaikanhakijoidentuki.fi\/kiertue\/joutsa\/\"]}]},{\"@type\":\"ImageObject\",\"inLanguage\":\"fi\",\"@id\":\"https:\/\/rff.turvapaikanhakijoidentuki.fi\/kiertue\/joutsa\/#primaryimage\",\"url\":\"https:\/\/rff.turvapaikanhakijoidentuki.fi\/kiertue\/wp-content\/uploads\/2024\/01\/lyharit-www.jpg\",\"contentUrl\":\"https:\/\/rff.turvapaikanhakijoidentuki.fi\/kiertue\/wp-content\/uploads\/2024\/01\/lyharit-www.jpg\",\"width\":827,\"height\":1181},{\"@type\":\"BreadcrumbList\",\"@id\":\"https:\/\/rff.turvapaikanhakijoidentuki.fi\/kiertue\/joutsa\/#breadcrumb\",\"itemListElement\":[{\"@type\":\"ListItem\",\"position\":1,\"name\":\"Etusivu\",\"item\":\"https:\/\/rff.turvapaikanhakijoidentuki.fi\/kiertue\/\"},{\"@type\":\"ListItem\",\"position\":2,\"name\":\"Joutsa\"}]},{\"@type\":\"WebSite\",\"@id\":\"https:\/\/rff.turvapaikanhakijoidentuki.fi\/kiertue\/#website\",\"url\":\"https:\/\/rff.turvapaikanhakijoidentuki.fi\/kiertue\/\",\"name\":\"RFF Kiertue\",\"description\":\"RFF Kiertue\",\"publisher\":{\"@id\":\"https:\/\/rff.turvapaikanhakijoidentuki.fi\/kiertue\/#organization\"},\"potentialAction\":[{\"@type\":\"SearchAction\",\"target\":{\"@type\":\"EntryPoint\",\"urlTemplate\":\"https:\/\/rff.turvapaikanhakijoidentuki.fi\/kiertue\/?s={search_term_string}\"},\"query-input\":\"required name=search_term_string\"}],\"inLanguage\":\"fi\"},{\"@type\":\"Organization\",\"@id\":\"https:\/\/rff.turvapaikanhakijoidentuki.fi\/kiertue\/#organization\",\"name\":\"RFF Kiertue\",\"url\":\"https:\/\/rff.turvapaikanhakijoidentuki.fi\/kiertue\/\",\"logo\":{\"@type\":\"ImageObject\",\"inLanguage\":\"fi\",\"@id\":\"https:\/\/rff.turvapaikanhakijoidentuki.fi\/kiertue\/#\/schema\/logo\/image\/\",\"url\":\"https:\/\/rff.turvapaikanhakijoidentuki.fi\/kiertue\/wp-content\/uploads\/2023\/11\/cropped-vihrea-tausta-RFF.png\",\"contentUrl\":\"https:\/\/rff.turvapaikanhakijoidentuki.fi\/kiertue\/wp-content\/uploads\/2023\/11\/cropped-vihrea-tausta-RFF.png\",\"width\":512,\"height\":512,\"caption\":\"RFF Kiertue\"},\"image\":{\"@id\":\"https:\/\/rff.turvapaikanhakijoidentuki.fi\/kiertue\/#\/schema\/logo\/image\/\"},\"sameAs\":[\"https:\/\/www.instagram.com\/rffkiertue\/\"]}]}<\/script>\n<!-- \/ Yoast SEO plugin. -->","yoast_head_json":{"title":"Joutsa - RFF Kiertue","robots":{"index":"index","follow":"follow","max-snippet":"max-snippet:-1","max-image-preview":"max-image-preview:large","max-video-preview":"max-video-preview:-1"},"canonical":"https:\/\/rff.turvapaikanhakijoidentuki.fi\/kiertue\/joutsa\/","og_locale":"fi_FI","og_type":"article","og_title":"Joutsa - RFF Kiertue","og_description":"&nbsp; REFUGEE FILM FESTIVAL: JOUTSA 19.-20.01.2024 Aikataulu Festivaalipaikka on Joutsan Kino, Nuorisoseuran talo, Jousitie 27, Joutsa Kaikkiin n\u00e4yt\u00f6ksiin on vapaa p\u00e4\u00e4sy. PERJANTAI 19.1. 12:00 Lyhytelokuvan\u00e4yt\u00f6s 18:00 Io Capitano LAUANTAI 20.1. 12:00 Onnelin ja Annelin talvi 13:30 Lasten taiden\u00e4yttely Dreamworldin avajaiset 15:00 Ukraina-n\u00e4yt\u00f6s 18:00 Midnight traveler Elokuvat Perjantai Lyhytelokuvan\u00e4yt\u00f6s Ik\u00e4rajoitus K-12 &nbsp; Bisrat O: Anna Blom&hellip;","og_url":"https:\/\/rff.turvapaikanhakijoidentuki.fi\/kiertue\/joutsa\/","og_site_name":"RFF Kiertue","article_modified_time":"2024-03-18T18:50:12+00:00","og_image":[{"width":1640,"height":924,"url":"https:\/\/rff.turvapaikanhakijoidentuki.fi\/kiertue\/wp-content\/uploads\/2024\/01\/Add-a-heading.png","type":"image\/png"}],"twitter_card":"summary_large_image","twitter_misc":{"Arvioitu lukuaika":"6 minuuttia"},"schema":{"@context":"https:\/\/schema.org","@graph":[{"@type":"WebPage","@id":"https:\/\/rff.turvapaikanhakijoidentuki.fi\/kiertue\/joutsa\/","url":"https:\/\/rff.turvapaikanhakijoidentuki.fi\/kiertue\/joutsa\/","name":"Joutsa - RFF Kiertue","isPartOf":{"@id":"https:\/\/rff.turvapaikanhakijoidentuki.fi\/kiertue\/#website"},"primaryImageOfPage":{"@id":"https:\/\/rff.turvapaikanhakijoidentuki.fi\/kiertue\/joutsa\/#primaryimage"},"image":{"@id":"https:\/\/rff.turvapaikanhakijoidentuki.fi\/kiertue\/joutsa\/#primaryimage"},"thumbnailUrl":"https:\/\/rff.turvapaikanhakijoidentuki.fi\/kiertue\/wp-content\/uploads\/2024\/01\/lyharit-www.jpg","datePublished":"2024-01-08T15:42:33+00:00","dateModified":"2024-03-18T18:50:12+00:00","breadcrumb":{"@id":"https:\/\/rff.turvapaikanhakijoidentuki.fi\/kiertue\/joutsa\/#breadcrumb"},"inLanguage":"fi","potentialAction":[{"@type":"ReadAction","target":["https:\/\/rff.turvapaikanhakijoidentuki.fi\/kiertue\/joutsa\/"]}]},{"@type":"ImageObject","inLanguage":"fi","@id":"https:\/\/rff.turvapaikanhakijoidentuki.fi\/kiertue\/joutsa\/#primaryimage","url":"https:\/\/rff.turvapaikanhakijoidentuki.fi\/kiertue\/wp-content\/uploads\/2024\/01\/lyharit-www.jpg","contentUrl":"https:\/\/rff.turvapaikanhakijoidentuki.fi\/kiertue\/wp-content\/uploads\/2024\/01\/lyharit-www.jpg","width":827,"height":1181},{"@type":"BreadcrumbList","@id":"https:\/\/rff.turvapaikanhakijoidentuki.fi\/kiertue\/joutsa\/#breadcrumb","itemListElement":[{"@type":"ListItem","position":1,"name":"Etusivu","item":"https:\/\/rff.turvapaikanhakijoidentuki.fi\/kiertue\/"},{"@type":"ListItem","position":2,"name":"Joutsa"}]},{"@type":"WebSite","@id":"https:\/\/rff.turvapaikanhakijoidentuki.fi\/kiertue\/#website","url":"https:\/\/rff.turvapaikanhakijoidentuki.fi\/kiertue\/","name":"RFF Kiertue","description":"RFF Kiertue","publisher":{"@id":"https:\/\/rff.turvapaikanhakijoidentuki.fi\/kiertue\/#organization"},"potentialAction":[{"@type":"SearchAction","target":{"@type":"EntryPoint","urlTemplate":"https:\/\/rff.turvapaikanhakijoidentuki.fi\/kiertue\/?s={search_term_string}"},"query-input":"required name=search_term_string"}],"inLanguage":"fi"},{"@type":"Organization","@id":"https:\/\/rff.turvapaikanhakijoidentuki.fi\/kiertue\/#organization","name":"RFF Kiertue","url":"https:\/\/rff.turvapaikanhakijoidentuki.fi\/kiertue\/","logo":{"@type":"ImageObject","inLanguage":"fi","@id":"https:\/\/rff.turvapaikanhakijoidentuki.fi\/kiertue\/#\/schema\/logo\/image\/","url":"https:\/\/rff.turvapaikanhakijoidentuki.fi\/kiertue\/wp-content\/uploads\/2023\/11\/cropped-vihrea-tausta-RFF.png","contentUrl":"https:\/\/rff.turvapaikanhakijoidentuki.fi\/kiertue\/wp-content\/uploads\/2023\/11\/cropped-vihrea-tausta-RFF.png","width":512,"height":512,"caption":"RFF Kiertue"},"image":{"@id":"https:\/\/rff.turvapaikanhakijoidentuki.fi\/kiertue\/#\/schema\/logo\/image\/"},"sameAs":["https:\/\/www.instagram.com\/rffkiertue\/"]}]}},"_links":{"self":[{"href":"https:\/\/rff.turvapaikanhakijoidentuki.fi\/kiertue\/wp-json\/wp\/v2\/pages\/157","targetHints":{"allow":["GET"]}}],"collection":[{"href":"https:\/\/rff.turvapaikanhakijoidentuki.fi\/kiertue\/wp-json\/wp\/v2\/pages"}],"about":[{"href":"https:\/\/rff.turvapaikanhakijoidentuki.fi\/kiertue\/wp-json\/wp\/v2\/types\/page"}],"author":[{"embeddable":true,"href":"https:\/\/rff.turvapaikanhakijoidentuki.fi\/kiertue\/wp-json\/wp\/v2\/users\/1"}],"replies":[{"embeddable":true,"href":"https:\/\/rff.turvapaikanhakijoidentuki.fi\/kiertue\/wp-json\/wp\/v2\/comments?post=157"}],"version-history":[{"count":4,"href":"https:\/\/rff.turvapaikanhakijoidentuki.fi\/kiertue\/wp-json\/wp\/v2\/pages\/157\/revisions"}],"predecessor-version":[{"id":274,"href":"https:\/\/rff.turvapaikanhakijoidentuki.fi\/kiertue\/wp-json\/wp\/v2\/pages\/157\/revisions\/274"}],"wp:attachment":[{"href":"https:\/\/rff.turvapaikanhakijoidentuki.fi\/kiertue\/wp-json\/wp\/v2\/media?parent=157"}],"curies":[{"name":"wp","href":"https:\/\/api.w.org\/{rel}","templated":true}]}}