{"id":109,"date":"2023-11-23T09:51:27","date_gmt":"2023-11-23T09:51:27","guid":{"rendered":"https:\/\/rff.turvapaikanhakijoidentuki.fi\/kiertue\/?page_id=109"},"modified":"2024-03-18T18:53:26","modified_gmt":"2024-03-18T18:53:26","slug":"tornio","status":"publish","type":"page","link":"https:\/\/rff.turvapaikanhakijoidentuki.fi\/kiertue\/tornio\/","title":{"rendered":"Tornio"},"content":{"rendered":"\n\n\t\t<p>&nbsp;<\/p>\n<h2>REFUGEE FILM FESTIVAL: TORNIO 1.-2.12.2023<\/h2>\n<h3>Aikataulu<\/h3>\n<p>Festivaali on Aineen taidemuseossa, osoite Torikatu 2.<\/p>\n<p>Kaikkiin n\u00e4yt\u00f6ksiin on vapaa p\u00e4\u00e4sy.<\/p>\n<h4>PERJANTAI 1.2.<\/h4>\n<p><strong>12:00<\/strong> Toisen asteen oppilaitosten n\u00e4yt\u00f6s<\/p>\n<p>Keskustelu paikallisten yhteisty\u00f6verkostojen kanssa<\/p>\n<p><strong>17:00<\/strong> Lyhytelokuvan\u00e4yt\u00f6s<\/p>\n<p><strong>19:00<\/strong> Normaalii<\/p>\n\n<h4>LAUANTAI 2.12.<\/h4>\n<p><strong>12:00<\/strong> Onnelin ja Annelin talvi<\/p>\n<p><strong>15:00<\/strong> Palestiina-n\u00e4yt\u00f6s<\/p>\n<p><strong>17:00<\/strong> Hava, Maryam, Aysha<\/p>\n<p><strong>19:30<\/strong> Midnight traveler<\/p>\n\t\t<h2>Elokuvat<\/h2><h3>Perjantai<\/h3>\n\t\t\t\t<img loading=\"lazy\" decoding=\"async\" src=\"https:\/\/rff.turvapaikanhakijoidentuki.fi\/kiertue\/wp-content\/uploads\/2023\/11\/toisenasteen-naytos-KOLLAASI-www.png\" alt=\"toisenasteen na\u0308yto\u0308s KOLLAASI www\" itemprop=\"image\" height=\"1080\" width=\"1080\" title=\"toisenasteen na\u0308yto\u0308s KOLLAASI www\" onerror=\"this.style.display='none'\"  \/>\n\t\t<h3>Toisen asteen n\u00e4yt\u00f6s<\/h3>\n<p><strong>Ik\u00e4rajoitus K-12<\/strong><\/p>\n<p>&nbsp;<\/p>\n<p>N\u00e4yt\u00f6s on suunnattu toisen asteen opiskelijoille, mutta se on avoin kaikille jos paikkoja riitt\u00e4\u00e4.<\/p>\n<p>&nbsp;<\/p>\n<strong>Bisrat<\/strong><br \/>\nO: Anna Blom<br \/>\n11 min, D<br \/>\nKieli: somali<br \/>\nTekstitys: englanti\n<p>&nbsp;<\/p>\n<p>3 lokakuuta 2013 Italiassa Lampedusan l\u00e4hell\u00e4 haaksirikkoutui pakolaisia kuljettanut vene ja ainakin 368 ihmist\u00e4 hukkui. Osa turmasta selviytyneist\u00e4 ihmisist\u00e4 asuu nyt Pohjoismaissa pakolaisina. Bisrat on osa viisiosaista elokuvasarjaa Remembering Lampedusa, jossa turmasta selviytyneet muistelevat tapahtumaa ja heit\u00e4, jotka eiv\u00e4t selviytyneet.<\/p>\n<p>&nbsp;<\/p>\n<strong>Aisti minut<\/strong><br \/>\nO: Ada Johnsson ja Youssef Asad Alkhatib<br \/>\n5 min, F<br \/>\nKieli: suomi\n<p>&nbsp;<\/p>\n<p>Syyriasta Suomeen saapunut Sami pa\u0308a\u0308tyy hevosterapiaan ka\u0308sittelema\u0308a\u0308n menneistyynsa\u0308 traumoja. Ha\u0308nen on vaikea luottaa ihmisiin. Kaikki kuitenkin muuttuu, kun ha\u0308n tutustuu vanhaan hevoseen Uurakseen. Aisti minut -lyhytelokuva on tarina yst\u00e4vyydest\u00e4 ja luottamuksen uudelleen luomisesta hevosterapiassa. Voiko tunteet vain aistia ja ilmaista sanoitta? Tarina perustuu tositapahtumiin.<\/p>\n<p>&nbsp;<\/p>\n<strong>waking up in silence<\/strong><br \/>\nO: Mila Zhluktenko &amp; Daniel Asadi Faezi<br \/>\n17 min<br \/>\nKieli: ukraina, ven\u00e4j\u00e4<br \/>\nTekstitys: englanti\n<p>&nbsp;<\/p>\n<strong>Aysha<\/strong><br \/>\nOhjaus Cengiz Akaygun<br \/>\n2021, 13 min, F<br \/>\nKieli: kurdi, arabia<br \/>\nTekstitys: englanti\n<p>&nbsp;<\/p>\n<p>Cengiz Akaygunin fiktioelokuva Aysha kertoo tarinan 10- ja 11-vuotiaista siskoksista, jotka el\u00e4v\u00e4t sodan ja perheen j\u00e4nnitteiden keskell\u00e4 Syyriassa. Tyt\u00f6t osallistuvat uskonnolliseen testiin ja kapinallinen Aysha haluaisi vapautua h\u00e4nelle annetusta roolista, mutta tilanne alkaa muuttua vakavaksi.<\/p>\n<p>&nbsp;<\/p>\n<strong>You can&#8217;t stop the music<\/strong><br \/>\nO: Hashim Didari<br \/>\n25 min, D<br \/>\nKieli: dari<br \/>\nTekstitys: englanti\n<p>&nbsp;<\/p>\n<p>Mit\u00e4 tapahtuu, kun ei voi en\u00e4\u00e4 tehd\u00e4 sit\u00e4, mik\u00e4 on ammatti, osa identiteetti\u00e4? You Can&#8217;t Stop the Music on realistinen kuva nyky-Afganistanista, mutta el\u00e4m\u00e4 Talibanin varjossa sis\u00e4lt\u00e4\u00e4 my\u00f6s kauhua, joka ei ole t\u00e4st\u00e4 maailmasta.<\/p>\n<p>Akbar Adeli oli musiikin opiskelija Kabulin yliopistossa, kun Taliban otti Afganistanin valtaansa. Konservatiivisten afgaanien mielest\u00e4 musiikki oli ep\u00e4ilytt\u00e4v\u00e4\u00e4 jo ennen talibanien valtaustakin, mutta sen j\u00e4lkeen siit\u00e4 tuli hengenvaarallista &#8211; varsinkin kun Akbar soitti l\u00e4nsimaista popmusiikkia.<\/p>\n<p>Talibanin pelossa Akbar piilotti kitaransa. Mieli paloi kuitenkin soittamaan ja kun yst\u00e4v\u00e4 pyysi mukaan soittamaan omaan projektiinsa, Akbar kaivoi kitaransa piilosta. Akbarin haave on, ett\u00e4 vapaus palaisi Kabuliin, ja taiteilijat, toimittajat ja muusikot saisivat vapaasti toteuttaa ammattiaan.<\/p>\n<p>Talibanilla on kuitenkin k\u00e4tyrins\u00e4, uhka k\u00e4rjistyy, ja Akbar ja h\u00e4nen vanhempansa joutuvat tekem\u00e4\u00e4n vaikean p\u00e4\u00e4t\u00f6ksen.<\/p>\n\t\t\t\t<img loading=\"lazy\" decoding=\"async\" src=\"https:\/\/rff.turvapaikanhakijoidentuki.fi\/kiertue\/wp-content\/uploads\/2023\/11\/lyhytelokuva-naytos-KOLLAASI-www.png\" alt=\"lyhytelokuva-na\u0308yto\u0308s KOLLAASI www\" itemprop=\"image\" height=\"1080\" width=\"1080\" title=\"lyhytelokuva-na\u0308yto\u0308s KOLLAASI www\" onerror=\"this.style.display='none'\"  \/>\n\t\t<h3>Lyhytelokuvan\u00e4yt\u00f6s<\/h3><p><strong>Ik\u00e4rajoitus K-12<\/strong><\/p>\n<p>&nbsp;<\/p>\n<strong>365 astetta<\/strong><br \/>\nO: Hanna Brotherus<br \/>\n2023, 6 min.\n<p>&nbsp;<\/p>\n<p>Koreografi Hanna Brotheruksen ja suomalais-ukrainalaisen ryhm\u00e4n tanssielokuva muistuttaa toivon merkityksest\u00e4.<\/p>\n<p>&nbsp;<\/p>\n<strong>Making of 365<\/strong><br \/>\n2023, 8 min.<br \/>\nKieli: suomi, englanti\n<p>&nbsp;<\/p>\n<p>Koreografi Hanna Brotherus ja tanssija Nina Bulgakova kertovat 365 astetta -tanssielokuvan tekemisest\u00e4.<\/p>\n<p>&nbsp;<\/p>\n<strong>Dead end<\/strong><br \/>\nO: Ahmad Ebrahimi<br \/>\n15 min, F<br \/>\nKieli: dari<br \/>\nTekstitys: englanti\n<p>&nbsp;<\/p>\n<p>Afganistanilainen perhe on joutunut pakenemaan kotimaastaan ja on Kreikassa turvapaikanhakijoina. T\u00e4rke\u00e4 turvapaikkapuhuttelu l\u00e4hestyy, uhka karkotuksesta painaa ja perheen k\u00e4tketty salaisuus sek\u00e4 yhdist\u00e4\u00e4 ett\u00e4 erottaa heit\u00e4.<\/p>\n<p>&nbsp;<\/p>\n<strong>How to Please<\/strong><br \/>\nO: Elina Talvensaari<br \/>\n2023, D, 28 min.<br \/>\nKieli: englanti\n<p>&nbsp;<\/p>\nHow to Please kertoo irakilaisesta Wed Al-Asadista, joka juuttuu Suomen<br \/>\nturvapaikkaj\u00e4rjestelm\u00e4\u00e4n. H\u00e4n yritt\u00e4\u00e4 parhaansa mukaan toteuttaa konemaisen labyrintin<br \/>\ntoiveita, mutta huomaa ett\u00e4 sis\u00e4\u00e4np\u00e4\u00e4sy\u00e4 vaikeampaa on vain ulosp\u00e4\u00e4seminen.\n<p>&nbsp;<\/p>\n<strong>waking up in silence<\/strong><br \/>\nO: Mila Zhluktenko, Daniel Asadi Faezi<br \/>\n2022, D, 18 min.\n<p>&nbsp;<\/p>\n<p>Ukrainalaiset lapset pohtivat menneisyytt\u00e4\u00e4n samalla kun he tutkivat uutta saksalaista kotiaan, joka on aiemmin ollut kansallissosialistien sotilaskasarmi.<\/p>\n\t\t\t\t<img loading=\"lazy\" decoding=\"async\" src=\"https:\/\/rff.turvapaikanhakijoidentuki.fi\/kiertue\/wp-content\/uploads\/2023\/11\/normaalii-www.png\" alt=\"normaalii www\" itemprop=\"image\" height=\"1080\" width=\"1080\" title=\"normaalii www\" onerror=\"this.style.display='none'\"  \/>\n\t\t<h3>Normaalii<\/h3>O: Ali Al-Saffu<br \/>\n2023, F, 116 min.<br \/>\n<strong>Ik\u00e4rajoitus K-16<\/strong>\n<p>&nbsp;<\/p>\n<p>NORMAALII kertoo nelj\u00e4n It\u00e4-Helsingin l\u00e4hi\u00f6iss\u00e4 asuvan, toisen sukupolven maahanmuuttajataustaisen nykysuomalaisen nuoren el\u00e4m\u00e4st\u00e4. Ali, Nedim, Shahin ja Flamur ovat vanhoja yst\u00e4vi\u00e4, joiden polut ovat kulkeneet eri suuntiin.<\/p>\n<p>Elokuva on komedialla ja draamalla h\u00f6ystetty rikostrilleri, joka tutkii aiheita kuten jengiytyminen, l\u00e4hi\u00f6el\u00e4m\u00e4 ja se, mit\u00e4 on olla suomalainen nykyp\u00e4iv\u00e4n\u00e4.<\/p>\n<p>It\u00e4-Helsinki ja sen yhteis\u00f6 yhdistiv\u00e4t voimansa mahdollistaakseen t\u00e4m\u00e4n pitk\u00e4n indie-elokuvan toteutuksen. NORMAALII on totuudenmukainen ja aito lopputulos, jonka tekiv\u00e4t ne ihmiset, joista elokuva itse kertoo.<\/p>\n\t\t<h3>Lauantai<\/h3>\t\n\t\t\t\t<img loading=\"lazy\" decoding=\"async\" src=\"https:\/\/rff.turvapaikanhakijoidentuki.fi\/kiertue\/wp-content\/uploads\/2023\/11\/onneli-ja-anneli-www.png\" alt=\"onneli ja anneli www\" itemprop=\"image\" height=\"1080\" width=\"1080\" title=\"onneli ja anneli www\" onerror=\"this.style.display='none'\"  \/>\n\t\t<h3>Onnelin ja Annelin talvi<\/h3>O: Saara Cantell<br \/>\n2015, 83 min, F<br \/>\nKieli: suomi<br \/>\n<strong>Ik\u00e4rajoitus S<\/strong>\n<p>&nbsp;<\/p>\n<p>Onnelin ja Annelin talvi on elokuva erilaisuudesta ja sen hyv\u00e4ksymisest\u00e4. Tarina alkaa kun kotitalonsa menett\u00e4nyt pikkuruinen Vaaksanheimon perhe muuttaa evakkoon Onnelin ja Annelin nukkekotiin. Onnelille ja Annelille Vaaksanheimojen kohtaaminen on mutkatonta, mutta tarinan maailmasta l\u00f6ytyy my\u00f6s aikuisia, jotka eiv\u00e4t pysty tunnistamaan inhimillisyytt\u00e4 ulkoisen erilaisuuden takaa.<\/p>\n\t\t\t\t<img loading=\"lazy\" decoding=\"async\" src=\"https:\/\/rff.turvapaikanhakijoidentuki.fi\/kiertue\/wp-content\/uploads\/2023\/11\/flying-paper-www.png\" alt=\"flying paper www\" itemprop=\"image\" height=\"1080\" width=\"1080\" title=\"flying paper www\" onerror=\"this.style.display='none'\"  \/>\n\t\t<h3>Palestiina-n\u00e4yt\u00f6s<\/h3><strong>Flying Paper<\/strong><br \/>\nO: Nitin Sawhney &amp; Roger Hill<br \/>\n2013, D, 51 min<br \/>\nKieli: arabia<br \/>\nTekstitys: englanti<br \/>\n<strong>Ik\u00e4rajoitus K-7<\/strong>\n<p>&nbsp;<\/p>\n<p>Flying Paper johdattaa rikkaaseen palestiinalaiseen leijan tekemisen ja lenn\u00e4tt\u00e4misen kulttuuriin. Se seuraa joukkoa nuoria leijaharrastajia Seifan kyl\u00e4ss\u00e4 Pohjois-Gazassa l\u00e4hell\u00e4 Israelin rajaa. Kyl\u00e4n lapset yritt\u00e4v\u00e4t rikkoa Guinnesin maailmanenn\u00e4tyksen nostamalla ilmaan enemm\u00e4n leijoja kuin koskaan aiemmin. Samalla elokuva kuvaa gazalaisten nuorten tulevaisuuden n\u00e4kymi\u00e4.<\/p>\n<p>RFF esitt\u00e4\u00e4 my\u00f6s elokuvan lyhyen jatko-osan, jossa palataan Seifan kyl\u00e4\u00e4n ja nuorten el\u00e4m\u00e4\u00e4n nelj\u00e4 vuotta my\u00f6hemmin.<\/p>\n\t\t\t\t<img loading=\"lazy\" decoding=\"async\" src=\"https:\/\/rff.turvapaikanhakijoidentuki.fi\/kiertue\/wp-content\/uploads\/2023\/11\/hava-maryam-aysha-www.png\" alt=\"hava, maryam, aysha www\" itemprop=\"image\" height=\"1080\" width=\"1080\" title=\"hava, maryam, aysha www\" onerror=\"this.style.display='none'\"  \/>\n\t\t<h3>Hava, Maryam, Aysha<\/h3>O: Sahraa Karimi<br \/>\n2019, 86 min, F<br \/>\nKieli: dari<br \/>\nTekstitys: englanti<br \/>\n<strong>Ik\u00e4rajoitus K-12<\/strong>\n<p>&nbsp;<\/p>\n<p>Hava, Maryam ja Aysha on Sahraa Karimin ohjaama elokuva, joka on kuvattu kokonaan Kabulissa ja jonka koko n\u00e4yttelij\u00e4kaarti on afganistanilainen. Elokuva on kuvaus naisen asemasta patriarkaalisessa yhteiskunnassa, jossa naiset ovat aina heikompi sukupuoli, olivat he sitten lukutaidottomia, koti\u00e4itej\u00e4 tai korkeasti koulutettuja uranaisia.<\/p>\n<p>Sahraa Karimi on Afganistanin tunnetuimpia elokuvaohjaajia. H\u00e4n on aiemmin toiminut Afganistanin elokuvaj\u00e4rjest\u00f6n johtajana, mutta joutui j\u00e4tt\u00e4m\u00e4\u00e4n maan talibanin noustua valtaan elokuussa 2021.<\/p>\n\t\t\t\t<img loading=\"lazy\" decoding=\"async\" src=\"https:\/\/rff.turvapaikanhakijoidentuki.fi\/kiertue\/wp-content\/uploads\/2023\/11\/midnight-traveler-www.png\" alt=\"midnight traveler www\" itemprop=\"image\" height=\"1080\" width=\"1080\" title=\"midnight traveler www\" onerror=\"this.style.display='none'\"  \/>\n\t\t<h3>Midnight Traveller<\/h3>O: Hassan Fazili<br \/>\n2019, 86 min, D<br \/>\nKieli: dari<br \/>\nTekstitys: englanti<br \/>\n<strong>Ik\u00e4rajoitus K-12<\/strong>\n<p>&nbsp;<\/p>\nAfganistanilainen elokuvantekij\u00e4 Hassan Fazili joutuu Talebanin vainon kohteeksi ja<br \/>\npakenee maasta vaimonsa ja kahden tytt\u00e4rens\u00e4 kanssa. Perhe l\u00e4htee kohti Eurooppaa l\u00f6yt\u00e4\u00e4kseen paikan, jossa on mahdollista el\u00e4\u00e4 turvassa. Hassan Fazili ja h\u00e4nen vaimonsa Fatima Hossaini, joka my\u00f6s on elokuvantekij\u00e4, sek\u00e4 heid\u00e4n tytt\u00e4rens\u00e4 Nargis dokumentoivat pakomatkan ja turvapaikanhakemisen vaiheet kolmella k\u00e4nnykk\u00e4kameralla. T\u00e4st\u00e4 materiaalista on syntynyt intiimi ja koskettava elokuva, joka on samaan aikaan yleinen ja yksityinen.\n\n","protected":false},"excerpt":{"rendered":"<p>&nbsp; REFUGEE FILM FESTIVAL: TORNIO 1.-2.12.2023 Aikataulu Festivaali on Aineen taidemuseossa, osoite Torikatu 2. Kaikkiin n\u00e4yt\u00f6ksiin on vapaa p\u00e4\u00e4sy. PERJANTAI 1.2. 12:00 Toisen asteen oppilaitosten n\u00e4yt\u00f6s Keskustelu paikallisten yhteisty\u00f6verkostojen kanssa 17:00 Lyhytelokuvan\u00e4yt\u00f6s 19:00 Normaalii LAUANTAI 2.12. 12:00 Onnelin ja Annelin talvi 15:00 Palestiina-n\u00e4yt\u00f6s 17:00 Hava, Maryam, Aysha 19:30 Midnight traveler Elokuvat Perjantai Toisen asteen n\u00e4yt\u00f6s&hellip;<\/p>\n","protected":false},"author":1,"featured_media":0,"parent":0,"menu_order":0,"comment_status":"closed","ping_status":"closed","template":"","meta":{"footnotes":""},"class_list":["post-109","page","type-page","status-publish","hentry"],"yoast_head":"<!-- This site is optimized with the Yoast SEO plugin v23.0 - https:\/\/yoast.com\/wordpress\/plugins\/seo\/ -->\n<title>Tornio - RFF Kiertue<\/title>\n<meta name=\"robots\" content=\"index, follow, max-snippet:-1, max-image-preview:large, max-video-preview:-1\" \/>\n<link rel=\"canonical\" href=\"https:\/\/rff.turvapaikanhakijoidentuki.fi\/kiertue\/tornio\/\" \/>\n<meta property=\"og:locale\" content=\"fi_FI\" \/>\n<meta property=\"og:type\" content=\"article\" \/>\n<meta property=\"og:title\" content=\"Tornio - RFF Kiertue\" \/>\n<meta property=\"og:description\" content=\"&nbsp; REFUGEE FILM FESTIVAL: TORNIO 1.-2.12.2023 Aikataulu Festivaali on Aineen taidemuseossa, osoite Torikatu 2. Kaikkiin n\u00e4yt\u00f6ksiin on vapaa p\u00e4\u00e4sy. PERJANTAI 1.2. 12:00 Toisen asteen oppilaitosten n\u00e4yt\u00f6s Keskustelu paikallisten yhteisty\u00f6verkostojen kanssa 17:00 Lyhytelokuvan\u00e4yt\u00f6s 19:00 Normaalii LAUANTAI 2.12. 12:00 Onnelin ja Annelin talvi 15:00 Palestiina-n\u00e4yt\u00f6s 17:00 Hava, Maryam, Aysha 19:30 Midnight traveler Elokuvat Perjantai Toisen asteen n\u00e4yt\u00f6s&hellip;\" \/>\n<meta property=\"og:url\" content=\"https:\/\/rff.turvapaikanhakijoidentuki.fi\/kiertue\/tornio\/\" \/>\n<meta property=\"og:site_name\" content=\"RFF Kiertue\" \/>\n<meta property=\"article:modified_time\" content=\"2024-03-18T18:53:26+00:00\" \/>\n<meta property=\"og:image\" content=\"https:\/\/rff.turvapaikanhakijoidentuki.fi\/kiertue\/wp-content\/uploads\/2023\/11\/RFF-FB-event-covers.png\" \/>\n\t<meta property=\"og:image:width\" content=\"1920\" \/>\n\t<meta property=\"og:image:height\" content=\"1080\" \/>\n\t<meta property=\"og:image:type\" content=\"image\/png\" \/>\n<meta name=\"twitter:card\" content=\"summary_large_image\" \/>\n<meta name=\"twitter:label1\" content=\"Arvioitu lukuaika\" \/>\n\t<meta name=\"twitter:data1\" content=\"7 minuuttia\" \/>\n<script type=\"application\/ld+json\" class=\"yoast-schema-graph\">{\"@context\":\"https:\/\/schema.org\",\"@graph\":[{\"@type\":\"WebPage\",\"@id\":\"https:\/\/rff.turvapaikanhakijoidentuki.fi\/kiertue\/tornio\/\",\"url\":\"https:\/\/rff.turvapaikanhakijoidentuki.fi\/kiertue\/tornio\/\",\"name\":\"Tornio - RFF Kiertue\",\"isPartOf\":{\"@id\":\"https:\/\/rff.turvapaikanhakijoidentuki.fi\/kiertue\/#website\"},\"primaryImageOfPage\":{\"@id\":\"https:\/\/rff.turvapaikanhakijoidentuki.fi\/kiertue\/tornio\/#primaryimage\"},\"image\":{\"@id\":\"https:\/\/rff.turvapaikanhakijoidentuki.fi\/kiertue\/tornio\/#primaryimage\"},\"thumbnailUrl\":\"https:\/\/rff.turvapaikanhakijoidentuki.fi\/kiertue\/wp-content\/uploads\/2023\/11\/toisenasteen-naytos-KOLLAASI-www.png\",\"datePublished\":\"2023-11-23T09:51:27+00:00\",\"dateModified\":\"2024-03-18T18:53:26+00:00\",\"breadcrumb\":{\"@id\":\"https:\/\/rff.turvapaikanhakijoidentuki.fi\/kiertue\/tornio\/#breadcrumb\"},\"inLanguage\":\"fi\",\"potentialAction\":[{\"@type\":\"ReadAction\",\"target\":[\"https:\/\/rff.turvapaikanhakijoidentuki.fi\/kiertue\/tornio\/\"]}]},{\"@type\":\"ImageObject\",\"inLanguage\":\"fi\",\"@id\":\"https:\/\/rff.turvapaikanhakijoidentuki.fi\/kiertue\/tornio\/#primaryimage\",\"url\":\"https:\/\/rff.turvapaikanhakijoidentuki.fi\/kiertue\/wp-content\/uploads\/2023\/11\/toisenasteen-naytos-KOLLAASI-www.png\",\"contentUrl\":\"https:\/\/rff.turvapaikanhakijoidentuki.fi\/kiertue\/wp-content\/uploads\/2023\/11\/toisenasteen-naytos-KOLLAASI-www.png\",\"width\":1080,\"height\":1080},{\"@type\":\"BreadcrumbList\",\"@id\":\"https:\/\/rff.turvapaikanhakijoidentuki.fi\/kiertue\/tornio\/#breadcrumb\",\"itemListElement\":[{\"@type\":\"ListItem\",\"position\":1,\"name\":\"Etusivu\",\"item\":\"https:\/\/rff.turvapaikanhakijoidentuki.fi\/kiertue\/\"},{\"@type\":\"ListItem\",\"position\":2,\"name\":\"Tornio\"}]},{\"@type\":\"WebSite\",\"@id\":\"https:\/\/rff.turvapaikanhakijoidentuki.fi\/kiertue\/#website\",\"url\":\"https:\/\/rff.turvapaikanhakijoidentuki.fi\/kiertue\/\",\"name\":\"RFF Kiertue\",\"description\":\"RFF Kiertue\",\"publisher\":{\"@id\":\"https:\/\/rff.turvapaikanhakijoidentuki.fi\/kiertue\/#organization\"},\"potentialAction\":[{\"@type\":\"SearchAction\",\"target\":{\"@type\":\"EntryPoint\",\"urlTemplate\":\"https:\/\/rff.turvapaikanhakijoidentuki.fi\/kiertue\/?s={search_term_string}\"},\"query-input\":\"required name=search_term_string\"}],\"inLanguage\":\"fi\"},{\"@type\":\"Organization\",\"@id\":\"https:\/\/rff.turvapaikanhakijoidentuki.fi\/kiertue\/#organization\",\"name\":\"RFF Kiertue\",\"url\":\"https:\/\/rff.turvapaikanhakijoidentuki.fi\/kiertue\/\",\"logo\":{\"@type\":\"ImageObject\",\"inLanguage\":\"fi\",\"@id\":\"https:\/\/rff.turvapaikanhakijoidentuki.fi\/kiertue\/#\/schema\/logo\/image\/\",\"url\":\"https:\/\/rff.turvapaikanhakijoidentuki.fi\/kiertue\/wp-content\/uploads\/2023\/11\/cropped-vihrea-tausta-RFF.png\",\"contentUrl\":\"https:\/\/rff.turvapaikanhakijoidentuki.fi\/kiertue\/wp-content\/uploads\/2023\/11\/cropped-vihrea-tausta-RFF.png\",\"width\":512,\"height\":512,\"caption\":\"RFF Kiertue\"},\"image\":{\"@id\":\"https:\/\/rff.turvapaikanhakijoidentuki.fi\/kiertue\/#\/schema\/logo\/image\/\"},\"sameAs\":[\"https:\/\/www.instagram.com\/rffkiertue\/\"]}]}<\/script>\n<!-- \/ Yoast SEO plugin. -->","yoast_head_json":{"title":"Tornio - RFF Kiertue","robots":{"index":"index","follow":"follow","max-snippet":"max-snippet:-1","max-image-preview":"max-image-preview:large","max-video-preview":"max-video-preview:-1"},"canonical":"https:\/\/rff.turvapaikanhakijoidentuki.fi\/kiertue\/tornio\/","og_locale":"fi_FI","og_type":"article","og_title":"Tornio - RFF Kiertue","og_description":"&nbsp; REFUGEE FILM FESTIVAL: TORNIO 1.-2.12.2023 Aikataulu Festivaali on Aineen taidemuseossa, osoite Torikatu 2. Kaikkiin n\u00e4yt\u00f6ksiin on vapaa p\u00e4\u00e4sy. PERJANTAI 1.2. 12:00 Toisen asteen oppilaitosten n\u00e4yt\u00f6s Keskustelu paikallisten yhteisty\u00f6verkostojen kanssa 17:00 Lyhytelokuvan\u00e4yt\u00f6s 19:00 Normaalii LAUANTAI 2.12. 12:00 Onnelin ja Annelin talvi 15:00 Palestiina-n\u00e4yt\u00f6s 17:00 Hava, Maryam, Aysha 19:30 Midnight traveler Elokuvat Perjantai Toisen asteen n\u00e4yt\u00f6s&hellip;","og_url":"https:\/\/rff.turvapaikanhakijoidentuki.fi\/kiertue\/tornio\/","og_site_name":"RFF Kiertue","article_modified_time":"2024-03-18T18:53:26+00:00","og_image":[{"width":1920,"height":1080,"url":"https:\/\/rff.turvapaikanhakijoidentuki.fi\/kiertue\/wp-content\/uploads\/2023\/11\/RFF-FB-event-covers.png","type":"image\/png"}],"twitter_card":"summary_large_image","twitter_misc":{"Arvioitu lukuaika":"7 minuuttia"},"schema":{"@context":"https:\/\/schema.org","@graph":[{"@type":"WebPage","@id":"https:\/\/rff.turvapaikanhakijoidentuki.fi\/kiertue\/tornio\/","url":"https:\/\/rff.turvapaikanhakijoidentuki.fi\/kiertue\/tornio\/","name":"Tornio - RFF Kiertue","isPartOf":{"@id":"https:\/\/rff.turvapaikanhakijoidentuki.fi\/kiertue\/#website"},"primaryImageOfPage":{"@id":"https:\/\/rff.turvapaikanhakijoidentuki.fi\/kiertue\/tornio\/#primaryimage"},"image":{"@id":"https:\/\/rff.turvapaikanhakijoidentuki.fi\/kiertue\/tornio\/#primaryimage"},"thumbnailUrl":"https:\/\/rff.turvapaikanhakijoidentuki.fi\/kiertue\/wp-content\/uploads\/2023\/11\/toisenasteen-naytos-KOLLAASI-www.png","datePublished":"2023-11-23T09:51:27+00:00","dateModified":"2024-03-18T18:53:26+00:00","breadcrumb":{"@id":"https:\/\/rff.turvapaikanhakijoidentuki.fi\/kiertue\/tornio\/#breadcrumb"},"inLanguage":"fi","potentialAction":[{"@type":"ReadAction","target":["https:\/\/rff.turvapaikanhakijoidentuki.fi\/kiertue\/tornio\/"]}]},{"@type":"ImageObject","inLanguage":"fi","@id":"https:\/\/rff.turvapaikanhakijoidentuki.fi\/kiertue\/tornio\/#primaryimage","url":"https:\/\/rff.turvapaikanhakijoidentuki.fi\/kiertue\/wp-content\/uploads\/2023\/11\/toisenasteen-naytos-KOLLAASI-www.png","contentUrl":"https:\/\/rff.turvapaikanhakijoidentuki.fi\/kiertue\/wp-content\/uploads\/2023\/11\/toisenasteen-naytos-KOLLAASI-www.png","width":1080,"height":1080},{"@type":"BreadcrumbList","@id":"https:\/\/rff.turvapaikanhakijoidentuki.fi\/kiertue\/tornio\/#breadcrumb","itemListElement":[{"@type":"ListItem","position":1,"name":"Etusivu","item":"https:\/\/rff.turvapaikanhakijoidentuki.fi\/kiertue\/"},{"@type":"ListItem","position":2,"name":"Tornio"}]},{"@type":"WebSite","@id":"https:\/\/rff.turvapaikanhakijoidentuki.fi\/kiertue\/#website","url":"https:\/\/rff.turvapaikanhakijoidentuki.fi\/kiertue\/","name":"RFF Kiertue","description":"RFF Kiertue","publisher":{"@id":"https:\/\/rff.turvapaikanhakijoidentuki.fi\/kiertue\/#organization"},"potentialAction":[{"@type":"SearchAction","target":{"@type":"EntryPoint","urlTemplate":"https:\/\/rff.turvapaikanhakijoidentuki.fi\/kiertue\/?s={search_term_string}"},"query-input":"required name=search_term_string"}],"inLanguage":"fi"},{"@type":"Organization","@id":"https:\/\/rff.turvapaikanhakijoidentuki.fi\/kiertue\/#organization","name":"RFF Kiertue","url":"https:\/\/rff.turvapaikanhakijoidentuki.fi\/kiertue\/","logo":{"@type":"ImageObject","inLanguage":"fi","@id":"https:\/\/rff.turvapaikanhakijoidentuki.fi\/kiertue\/#\/schema\/logo\/image\/","url":"https:\/\/rff.turvapaikanhakijoidentuki.fi\/kiertue\/wp-content\/uploads\/2023\/11\/cropped-vihrea-tausta-RFF.png","contentUrl":"https:\/\/rff.turvapaikanhakijoidentuki.fi\/kiertue\/wp-content\/uploads\/2023\/11\/cropped-vihrea-tausta-RFF.png","width":512,"height":512,"caption":"RFF Kiertue"},"image":{"@id":"https:\/\/rff.turvapaikanhakijoidentuki.fi\/kiertue\/#\/schema\/logo\/image\/"},"sameAs":["https:\/\/www.instagram.com\/rffkiertue\/"]}]}},"_links":{"self":[{"href":"https:\/\/rff.turvapaikanhakijoidentuki.fi\/kiertue\/wp-json\/wp\/v2\/pages\/109","targetHints":{"allow":["GET"]}}],"collection":[{"href":"https:\/\/rff.turvapaikanhakijoidentuki.fi\/kiertue\/wp-json\/wp\/v2\/pages"}],"about":[{"href":"https:\/\/rff.turvapaikanhakijoidentuki.fi\/kiertue\/wp-json\/wp\/v2\/types\/page"}],"author":[{"embeddable":true,"href":"https:\/\/rff.turvapaikanhakijoidentuki.fi\/kiertue\/wp-json\/wp\/v2\/users\/1"}],"replies":[{"embeddable":true,"href":"https:\/\/rff.turvapaikanhakijoidentuki.fi\/kiertue\/wp-json\/wp\/v2\/comments?post=109"}],"version-history":[{"count":24,"href":"https:\/\/rff.turvapaikanhakijoidentuki.fi\/kiertue\/wp-json\/wp\/v2\/pages\/109\/revisions"}],"predecessor-version":[{"id":275,"href":"https:\/\/rff.turvapaikanhakijoidentuki.fi\/kiertue\/wp-json\/wp\/v2\/pages\/109\/revisions\/275"}],"wp:attachment":[{"href":"https:\/\/rff.turvapaikanhakijoidentuki.fi\/kiertue\/wp-json\/wp\/v2\/media?parent=109"}],"curies":[{"name":"wp","href":"https:\/\/api.w.org\/{rel}","templated":true}]}}